{"id":10780,"date":"2020-10-25T22:23:02","date_gmt":"2020-10-26T01:23:02","guid":{"rendered":"http:\/\/carpetanegra.ferreterialaflorida.xyz\/cn\/producto\/pr-soldadora-180-especialista-max-180-amp-c-ac\/"},"modified":"2026-03-21T10:16:45","modified_gmt":"2026-03-21T13:16:45","slug":"pr-soldadora-180-especialista-max-180-amp-c-ac","status":"publish","type":"product","link":"https:\/\/carpetanegra.ferreterialaflorida.xyz\/cn\/producto\/pr-soldadora-180-especialista-max-180-amp-c-ac\/","title":{"rendered":"PR SOLDADORA 180 ESPECIALISTA MAX [180 AMP.C\/AC] DOG50181"},"content":{"rendered":"<p>-Accesorios: pinza porta electrodos.<\/p>\n<p>-Pinza porta masa.<\/p>\n<p>-Factor de servicio: 30%.<\/p>\n<p>-Tipos de electrodos: rutilico.<\/p>\n<p>-B\u00e1sico grado de protecci\u00f3n: IP21.<\/p>\n<p>-Frecuencia: 50\/60 HZ.<\/p>\n<p>-Ventilaci\u00f3n forzada.<\/p>\n<p>-Clase de aislamiento: H.<\/p>\n<p>-Protecci\u00f3n t\u00e9rmica.<\/p>\n<p>-Soldadora uso especialista de 180 AMP de potencia m\u00e1xima.<\/p>\n<p>-Bobinado en aluminio esmaltado de muy buena calidad.<\/p>\n<p>-Regulaci\u00f3n de potencia electr\u00f3nica esto permite mayor precisi\u00f3n de regulaci\u00f3n turbo ventilada con protecci\u00f3n t\u00e9rmica.<\/p>\n<p>-Ventilaci\u00f3n forzada.<\/p>\n<p>-Modelo de uso intermedio para trabajos de mediana producci\u00f3n y domiciliarias.<\/p>\n<p>-Amperaje m\u00ednimo: 60 A.<\/p>\n<p>-Amperaje m\u00e1ximo: 180 A.<\/p>\n<p>-Potencia: 3.9 KW.<\/p>\n<p>-Frecuencia. 50\/60 HZ.<\/p>\n<p>-Potencia absorbida: Al 60 % 3.9 KVA.<\/p>\n<p>-Tensi\u00f3n en vac\u00edo: 50V.<\/p>\n<p>-Corriente de soldadura: 60\/180 A.<\/p>\n<p>-Factor de servicio seg\u00fan normativa internacional: Electrodo 3,2\/ 30%. Electrodo 2,5\/40%. Electrodo 2\/100%.<\/p>\n","protected":false},"excerpt":{"rendered":"<p>COD51023408<\/p>\n","protected":false},"featured_media":16943,"template":"","meta":{"_surecart_dashboard_logo_width":"180px","_surecart_dashboard_show_logo":true,"_surecart_dashboard_navigation_orders":true,"_surecart_dashboard_navigation_invoices":true,"_surecart_dashboard_navigation_subscriptions":true,"_surecart_dashboard_navigation_downloads":true,"_surecart_dashboard_navigation_billing":true,"_surecart_dashboard_navigation_account":true,"jetpack_publicize_message":"","jetpack_publicize_feature_enabled":true,"jetpack_social_post_already_shared":false,"jetpack_social_options":{"image_generator_settings":{"template":"highway","default_image_id":0,"font":"","enabled":false},"version":2}},"product_brand":[],"product_cat":[413,5853],"product_tag":[],"class_list":{"0":"post-10780","1":"product","2":"type-product","3":"status-publish","4":"has-post-thumbnail","6":"product_cat-dogo-ferreteria","7":"product_cat-soldadoras-y-accesorios","9":"first","10":"onbackorder","11":"taxable","12":"shipping-taxable","13":"purchasable","14":"product-type-simple"},"aioseo_notices":[],"jetpack_publicize_connections":[],"jetpack_sharing_enabled":true,"jetpack_likes_enabled":true,"_links":{"self":[{"href":"https:\/\/carpetanegra.ferreterialaflorida.xyz\/cn\/wp-json\/wp\/v2\/product\/10780","targetHints":{"allow":["GET"]}}],"collection":[{"href":"https:\/\/carpetanegra.ferreterialaflorida.xyz\/cn\/wp-json\/wp\/v2\/product"}],"about":[{"href":"https:\/\/carpetanegra.ferreterialaflorida.xyz\/cn\/wp-json\/wp\/v2\/types\/product"}],"wp:featuredmedia":[{"embeddable":true,"href":"https:\/\/carpetanegra.ferreterialaflorida.xyz\/cn\/wp-json\/wp\/v2\/media\/16943"}],"wp:attachment":[{"href":"https:\/\/carpetanegra.ferreterialaflorida.xyz\/cn\/wp-json\/wp\/v2\/media?parent=10780"}],"wp:term":[{"taxonomy":"product_brand","embeddable":true,"href":"https:\/\/carpetanegra.ferreterialaflorida.xyz\/cn\/wp-json\/wp\/v2\/product_brand?post=10780"},{"taxonomy":"product_cat","embeddable":true,"href":"https:\/\/carpetanegra.ferreterialaflorida.xyz\/cn\/wp-json\/wp\/v2\/product_cat?post=10780"},{"taxonomy":"product_tag","embeddable":true,"href":"https:\/\/carpetanegra.ferreterialaflorida.xyz\/cn\/wp-json\/wp\/v2\/product_tag?post=10780"}],"curies":[{"name":"wp","href":"https:\/\/api.w.org\/{rel}","templated":true}]}}