{"id":10782,"date":"2020-10-25T22:23:03","date_gmt":"2020-10-26T01:23:03","guid":{"rendered":"http:\/\/carpetanegra.ferreterialaflorida.xyz\/cn\/producto\/pr-soldadora-inverter-dogo-star-255\/"},"modified":"2026-03-21T10:16:45","modified_gmt":"2026-03-21T13:16:45","slug":"pr-soldadora-inverter-dogo-star-255","status":"publish","type":"product","link":"https:\/\/carpetanegra.ferreterialaflorida.xyz\/cn\/producto\/pr-soldadora-inverter-dogo-star-255\/","title":{"rendered":"PR SOLDADORA INVERTER DOGO STAR-255 [DOG20255]"},"content":{"rendered":"<p>Soldadora Inverter 250 Amp Mma Igbt Dogostar Profesional<\/p>\n<p>Este producto es una soldadora inverter con tecnolog\u00eda I.G.B.T, dise\u00f1ada para uso profesional y con una corriente m\u00e1xima de 250 A. Es ideal para la utilizaci\u00f3n de electrodos revestidos, ya sean celul\u00f3sicos, rutilicos, b\u00e1sicos, inoxidables o de fundici\u00f3n limable. Posee un display digital que brinda mayor precisi\u00f3n de regulaci\u00f3n y cuenta con funci\u00f3n TIG por raspado con la adquisici\u00f3n de la tocha adicional.<\/p>\n<p>Datos t\u00e9cnicos:<\/p>\n<p>Marca: DOGO<br \/>\nModelo: DOGOSTAR 250<br \/>\nOrigen: Argentina<br \/>\nTipo: Soldadora inverter<br \/>\nVoltaje: 220V &#8211; 50\/60Hz<br \/>\nCorriente m\u00e1xima: 250A<br \/>\nTensi\u00f3n: 220V<br \/>\nFactor de servicio: 1.5MM &#8211; 100% 2.0MM &#8211; 100% 2.5MM &#8211; 100% 3.2MM &#8211; 80% 4.0MM &#8211; 100% 5.00MM &#8211; 70%<br \/>\nTipos de electrodos: RUTILICO &#8211; BASICO &#8211; CELULOSICOS &#8211; ACERO INOX &#8211; FUNDICION<br \/>\nGrado de protecci\u00f3n: IP215<br \/>\nFrecuencia: 50\/60HZ<br \/>\nVentilaci\u00f3n forzada: SI<br \/>\nProtecci\u00f3n t\u00e9rmica: SI<br \/>\nFunci\u00f3n TIG: SI<\/p>\n","protected":false},"excerpt":{"rendered":"<p>COD51023412<\/p>\n","protected":false},"featured_media":32113,"template":"","meta":{"_surecart_dashboard_logo_width":"180px","_surecart_dashboard_show_logo":true,"_surecart_dashboard_navigation_orders":true,"_surecart_dashboard_navigation_invoices":true,"_surecart_dashboard_navigation_subscriptions":true,"_surecart_dashboard_navigation_downloads":true,"_surecart_dashboard_navigation_billing":true,"_surecart_dashboard_navigation_account":true,"jetpack_publicize_message":"","jetpack_publicize_feature_enabled":true,"jetpack_social_post_already_shared":false,"jetpack_social_options":{"image_generator_settings":{"template":"highway","default_image_id":0,"font":"","enabled":false},"version":2}},"product_brand":[],"product_cat":[413,5853],"product_tag":[],"class_list":{"0":"post-10782","1":"product","2":"type-product","3":"status-publish","4":"has-post-thumbnail","6":"product_cat-dogo-ferreteria","7":"product_cat-soldadoras-y-accesorios","9":"first","10":"onbackorder","11":"taxable","12":"shipping-taxable","13":"purchasable","14":"product-type-simple"},"aioseo_notices":[],"jetpack_publicize_connections":[],"jetpack_sharing_enabled":true,"jetpack_likes_enabled":true,"_links":{"self":[{"href":"https:\/\/carpetanegra.ferreterialaflorida.xyz\/cn\/wp-json\/wp\/v2\/product\/10782","targetHints":{"allow":["GET"]}}],"collection":[{"href":"https:\/\/carpetanegra.ferreterialaflorida.xyz\/cn\/wp-json\/wp\/v2\/product"}],"about":[{"href":"https:\/\/carpetanegra.ferreterialaflorida.xyz\/cn\/wp-json\/wp\/v2\/types\/product"}],"wp:featuredmedia":[{"embeddable":true,"href":"https:\/\/carpetanegra.ferreterialaflorida.xyz\/cn\/wp-json\/wp\/v2\/media\/32113"}],"wp:attachment":[{"href":"https:\/\/carpetanegra.ferreterialaflorida.xyz\/cn\/wp-json\/wp\/v2\/media?parent=10782"}],"wp:term":[{"taxonomy":"product_brand","embeddable":true,"href":"https:\/\/carpetanegra.ferreterialaflorida.xyz\/cn\/wp-json\/wp\/v2\/product_brand?post=10782"},{"taxonomy":"product_cat","embeddable":true,"href":"https:\/\/carpetanegra.ferreterialaflorida.xyz\/cn\/wp-json\/wp\/v2\/product_cat?post=10782"},{"taxonomy":"product_tag","embeddable":true,"href":"https:\/\/carpetanegra.ferreterialaflorida.xyz\/cn\/wp-json\/wp\/v2\/product_tag?post=10782"}],"curies":[{"name":"wp","href":"https:\/\/api.w.org\/{rel}","templated":true}]}}