{"id":1168,"date":"2020-10-25T19:01:55","date_gmt":"2020-10-25T22:01:55","guid":{"rendered":"http:\/\/carpetanegra.ferreterialaflorida.xyz\/cn\/producto\/import-placeholder-for-1463\/"},"modified":"2025-10-16T14:45:43","modified_gmt":"2025-10-16T17:45:43","slug":"01902-fvem-valv-esferica-manija-25mm","status":"publish","type":"product","link":"https:\/\/carpetanegra.ferreterialaflorida.xyz\/cn\/producto\/01902-fvem-valv-esferica-manija-25mm\/","title":{"rendered":"01902 FVEM V\u00c1LV.ESF\u00c9RICA MANIJA 25MM"},"content":{"rendered":"","protected":false},"excerpt":{"rendered":"<p>01902 FVEM V\u00c1LV.ESF\u00c9RICA MANIJA 25MM  COD40005402<\/p>\n","protected":false},"featured_media":1180,"template":"","meta":{"_surecart_dashboard_logo_width":"180px","_surecart_dashboard_show_logo":true,"_surecart_dashboard_navigation_orders":true,"_surecart_dashboard_navigation_invoices":true,"_surecart_dashboard_navigation_subscriptions":true,"_surecart_dashboard_navigation_downloads":true,"_surecart_dashboard_navigation_billing":true,"_surecart_dashboard_navigation_account":true,"jetpack_publicize_message":"","jetpack_publicize_feature_enabled":true,"jetpack_social_post_already_shared":false,"jetpack_social_options":{"image_generator_settings":{"template":"highway","default_image_id":0,"font":"","enabled":false},"version":2}},"product_brand":[],"product_cat":[40],"product_tag":[],"class_list":{"0":"post-1168","1":"product","2":"type-product","3":"status-publish","4":"has-post-thumbnail","6":"product_cat-ips-fusion","8":"first","9":"onbackorder","10":"taxable","11":"shipping-taxable","12":"purchasable","13":"product-type-simple"},"aioseo_notices":[],"jetpack_publicize_connections":[],"jetpack_sharing_enabled":true,"jetpack_likes_enabled":true,"_links":{"self":[{"href":"https:\/\/carpetanegra.ferreterialaflorida.xyz\/cn\/wp-json\/wp\/v2\/product\/1168","targetHints":{"allow":["GET"]}}],"collection":[{"href":"https:\/\/carpetanegra.ferreterialaflorida.xyz\/cn\/wp-json\/wp\/v2\/product"}],"about":[{"href":"https:\/\/carpetanegra.ferreterialaflorida.xyz\/cn\/wp-json\/wp\/v2\/types\/product"}],"wp:featuredmedia":[{"embeddable":true,"href":"https:\/\/carpetanegra.ferreterialaflorida.xyz\/cn\/wp-json\/wp\/v2\/media\/1180"}],"wp:attachment":[{"href":"https:\/\/carpetanegra.ferreterialaflorida.xyz\/cn\/wp-json\/wp\/v2\/media?parent=1168"}],"wp:term":[{"taxonomy":"product_brand","embeddable":true,"href":"https:\/\/carpetanegra.ferreterialaflorida.xyz\/cn\/wp-json\/wp\/v2\/product_brand?post=1168"},{"taxonomy":"product_cat","embeddable":true,"href":"https:\/\/carpetanegra.ferreterialaflorida.xyz\/cn\/wp-json\/wp\/v2\/product_cat?post=1168"},{"taxonomy":"product_tag","embeddable":true,"href":"https:\/\/carpetanegra.ferreterialaflorida.xyz\/cn\/wp-json\/wp\/v2\/product_tag?post=1168"}],"curies":[{"name":"wp","href":"https:\/\/api.w.org\/{rel}","templated":true}]}}