{"id":12528,"date":"2020-10-25T22:41:21","date_gmt":"2020-10-26T01:41:21","guid":{"rendered":"http:\/\/carpetanegra.ferreterialaflorida.xyz\/cn\/producto\/el-coati-convesm-negro-1l\/"},"modified":"2026-03-21T10:21:52","modified_gmt":"2026-03-21T13:21:52","slug":"el-coati-convesm-negro-1l","status":"publish","type":"product","link":"https:\/\/carpetanegra.ferreterialaflorida.xyz\/cn\/producto\/el-coati-convesm-negro-1l\/","title":{"rendered":"EL COATI CONV+ESM NEGRO 1L"},"content":{"rendered":"<p>DESCRIPCION<br \/>\nEl esmalte Plus 3, tienen un excelente balance de resinas alqu\u00eddicas, pigmento anticorrosivo y aditivo convertidor de \u00f3xido, que protege al metal de la corrosi\u00f3n, logrando un acabado con alto valor decorativo.<\/p>\n<p>APLICACION<br \/>\nMezclar el contenido del envase antes de aplicar.<br \/>\nAplicar s\u00f3lo sobre sustratos met\u00e1licos ferrosos. No aplicar sobre galvanizados o aluminio.<br \/>\nNo es adecuado para uso en inmersi\u00f3n o expuesto a salpicaduras con sustancias \u00e1cidas, alcalinas o solventes fuertes.<br \/>\nAplicar 2 o 3 manos con pincel o rodillo de pelo corto de calidad El Coat\u00ed\u00ae o con soplete convencional o airless.<\/p>\n<p>PREPARACION DE LA SUPERFICIE<br \/>\nPara asegurar una buena protecci\u00f3n y una larga duraci\u00f3n es imprescindible una cuidadosa preparaci\u00f3n de las superficies, siguiendo los pasos recomendados.<br \/>\nLas superficies deben estar limpias, secas y libres de aceite, grasa, polvo, \u00f3xido, pintura floja y cualquier material extra\u00f1o que pudiera afectar la adhesi\u00f3n.<br \/>\nMetal: aplicar directamente sobre superficies nuevas libres de \u00f3xido. En caso de estar la superficie con \u00f3xido, eliminar todas las part\u00edculas flojas con lija o cepillo de alambre.<br \/>\nMadera: sobre maderas nuevas aplicar Fondo Blanco Multiuso Netcolor PRE.<br \/>\nSuperficies previamente pintadas: eliminar las partes flojas y lijar para emparejar los bordes. Tratar los sectores con metal expuesto como en el punto anterior.<\/p>\n<p>RECOMENDACIONES<br \/>\nPara lograr un buen resultado y extender la duraci\u00f3n es imprescindible que las superficies est\u00e9n adecuadamente acondicionadas. Se recomienda no aplicar a temperaturas superiores a los 35\u00b0C, con humedad mayor de 85% o ante amenaza de lluvias.<\/p>\n<p>PINTAR CON PINCELES Y RODILLOS EL COATI<\/p>\n<p>INFORMACION GENERAL<br \/>\nCOLOR: amplia variedad de colores.<br \/>\nACABADO: brillante. Tambi\u00e9n en Blanco y Negro MATE y SATINADO<br \/>\nPRESENTACION: \u00bc, \u00bd, 1, 4 y 20 Lts.<br \/>\nSECADO: \u2022 Al tacto: 4 \u2013 6 horas. \u2022 Secado duro: 24 horas. \u2022 Repintado: m\u00ednimo 8 horas. Para aplicar terminaciones diluidas con thinner o con solventes fuertes dejar secar m\u00ednimo 15 d\u00edas.<br \/>\nRENDIMIENTO: 10 \u2013 14 m2 por litro, seg\u00fan porosidad y absorci\u00f3n de la superficie.<br \/>\nN\u00ba DE MANOS: m\u00ednimo 2 manos aplicadas a pincel o rodillo que permitan dejar un espesor seco mayor a 60 micrones. Si se aplica a soplete aplicar como m\u00ednimo 3 manos.<br \/>\nDILUCION: no es necesario diluir; si se desean ajustar las propiedades de aplicaci\u00f3n, agregar hasta 10% de aguarr\u00e1s mineral de buena calidad. Para aplicaci\u00f3n a soplete diluir hasta 20% con thinner de buena calidad a la viscosidad requerida por el equipo a utilizar.<br \/>\nLIMPIEZA: emplear inmediatamente aguarr\u00e1s mineral de buena calidad. Si el material se ha dejado secar ser\u00e1 necesario emplear thinner.<br \/>\nTE\u00d1IDO: emplear hasta 30cc\/litro de Sistema Colorim\u00e9trico Netcolor Plus. Consulte la carta de colores y siga las instrucciones de te\u00f1ido indicadas en el tubo.<\/p>\n","protected":false},"excerpt":{"rendered":"<p>COD66000085 C.Barr: 7798035374007<\/p>\n","protected":false},"featured_media":19469,"template":"","meta":{"_surecart_dashboard_logo_width":"180px","_surecart_dashboard_show_logo":true,"_surecart_dashboard_navigation_orders":true,"_surecart_dashboard_navigation_invoices":true,"_surecart_dashboard_navigation_subscriptions":true,"_surecart_dashboard_navigation_downloads":true,"_surecart_dashboard_navigation_billing":true,"_surecart_dashboard_navigation_account":true,"jetpack_publicize_message":"","jetpack_publicize_feature_enabled":true,"jetpack_social_post_already_shared":false,"jetpack_social_options":{"image_generator_settings":{"template":"highway","default_image_id":0,"font":"","enabled":false},"version":2}},"product_brand":[],"product_cat":[159,15],"product_tag":[],"class_list":{"0":"post-12528","1":"product","2":"type-product","3":"status-publish","4":"has-post-thumbnail","6":"product_cat-pintura","7":"product_cat-sin-categorizar","9":"first","10":"instock","11":"taxable","12":"shipping-taxable","13":"purchasable","14":"product-type-simple"},"aioseo_notices":[],"jetpack_publicize_connections":[],"jetpack_sharing_enabled":true,"jetpack_likes_enabled":true,"_links":{"self":[{"href":"https:\/\/carpetanegra.ferreterialaflorida.xyz\/cn\/wp-json\/wp\/v2\/product\/12528","targetHints":{"allow":["GET"]}}],"collection":[{"href":"https:\/\/carpetanegra.ferreterialaflorida.xyz\/cn\/wp-json\/wp\/v2\/product"}],"about":[{"href":"https:\/\/carpetanegra.ferreterialaflorida.xyz\/cn\/wp-json\/wp\/v2\/types\/product"}],"wp:featuredmedia":[{"embeddable":true,"href":"https:\/\/carpetanegra.ferreterialaflorida.xyz\/cn\/wp-json\/wp\/v2\/media\/19469"}],"wp:attachment":[{"href":"https:\/\/carpetanegra.ferreterialaflorida.xyz\/cn\/wp-json\/wp\/v2\/media?parent=12528"}],"wp:term":[{"taxonomy":"product_brand","embeddable":true,"href":"https:\/\/carpetanegra.ferreterialaflorida.xyz\/cn\/wp-json\/wp\/v2\/product_brand?post=12528"},{"taxonomy":"product_cat","embeddable":true,"href":"https:\/\/carpetanegra.ferreterialaflorida.xyz\/cn\/wp-json\/wp\/v2\/product_cat?post=12528"},{"taxonomy":"product_tag","embeddable":true,"href":"https:\/\/carpetanegra.ferreterialaflorida.xyz\/cn\/wp-json\/wp\/v2\/product_tag?post=12528"}],"curies":[{"name":"wp","href":"https:\/\/api.w.org\/{rel}","templated":true}]}}