{"id":12634,"date":"2020-10-25T22:42:37","date_gmt":"2020-10-26T01:42:37","guid":{"rendered":"http:\/\/carpetanegra.ferreterialaflorida.xyz\/cn\/producto\/el-coati-cielorrasos-1l\/"},"modified":"2026-03-21T10:22:08","modified_gmt":"2026-03-21T13:22:08","slug":"el-coati-cielorrasos-1l","status":"publish","type":"product","link":"https:\/\/carpetanegra.ferreterialaflorida.xyz\/cn\/producto\/el-coati-cielorrasos-1l\/","title":{"rendered":"EL COATI CIELORRASOS 1L"},"content":{"rendered":"<p>DESCRIPCION<br \/>\nNetcolor Cielorrasos es una pintura l\u00e1tex acr\u00edlica modificada.<br \/>\nIdeal para cielorrasos de yeso, placa, paneles ac\u00fasticos, etc.<br \/>\nMayor contenido de material formador de pel\u00edcula. Se logran espesores m\u00e1s gruesos por mano. Cubre y oculta f\u00e1cilmente los defectos del sustrato. Terminaci\u00f3n mate pareja y uniforme. Formulado con un poderoso funguicida, que inhibe la formaci\u00f3n de hongos sobre la superficie. Blanco l\u00edmpido y radiante, permite lograr colores m\u00e1s atractivos.<\/p>\n<p>USOS<br \/>\nTambi\u00e9n para superficies interiores de revoque, ladrillo, fibrocemento, hormig\u00f3n, etc.<\/p>\n<p>PREPARACION DE LA SUPERFICIE<br \/>\nLimpiar las superficies para eliminar todo vestigio de grasitud, polvo, suciedad, material flojo o cualquier otro contaminante.<br \/>\nEliminar restos de pintura floja, desprendida y mal adherida.<br \/>\nEn caso de existencia de hongos, lavar con lavandina dilu\u00edda al 10% en agua, enjuagar bien, dejar secar, y luego proceder al pintado.<br \/>\nEn superficies nuevas de yeso o concreto que tienen un m\u00ednimo de 90 d\u00edas de curadas y no tienen exceso de alcalinidad residual, aplicar previamente una mano de Acondicionador al Aguarr\u00e1s Netcolor PRE; en caso contrario, lavar antes con \u00e1cido muri\u00e1tico al 10% en agua hasta neutralizarlas y luego enjuagar muy abundantemente para eliminar todo resto de \u00e1cido; dejar secar bien y aplicar Acondicionador al Aguarr\u00e1s Netcolor PRE.<br \/>\nSuperficies flojas, pulverulentas, entizadas, endu\u00eddas o muy absorbentes: aplicar Acondicionador al Aguarr\u00e1s Netcolor PRE, siguiendo las instrucciones del envase.<\/p>\n<p>APLICACION<br \/>\nMezclar el contenido del envase antes de aplicar.<br \/>\nAplicar 2 o 3 manos con pincel o rodillo de pelo corto de calidad El Coat\u00ed\u00ae o con soplete convencional o airless.<\/p>\n<p>RECOMENDACIONES<br \/>\nPara un excelente resultado, las superficies deber\u00e1n estar adecuadamente curadas y acondicionadas.<br \/>\nSe recomienda no aplicar a temperaturas inferiores a 10\u00baC, superiores a los 35\u00baC o bajo los rayos del sol directo, a humedades mayores de 85% o ante amenaza de lluvias.<br \/>\nPINTAR CON PINCELES Y RODILLOS EL COATI<\/p>\n<p>INFORMACION GENERAL<br \/>\nCOLOR Y ACABADO: Blanco mate.<br \/>\nSECADO: Al tacto: 1-2 horas. Secado Duro: 4-6 horas. Repintado: M\u00ednimo 6 horas.<br \/>\nRENDIMIENTO: 10 \/ 12 m2\/L, seg\u00fan las condiciones de la superficie a pintar.<br \/>\nN\u00ba DE MANOS: Se recomiendan 2 m\u00ednimo. En caso de colores muy claros aplicados sobre fondos muy oscuros y\/o muy contrastantes puede requerirse una mano adicional.<br \/>\nDILUCION: No es necesario diluir; si se desea ajustar las propiedades de aplicaci\u00f3n, agregar hasta 10% de agua.<br \/>\nLIMPIEZA: Emplear inmediatamente agua tibia y detergente y enjuagar muy bien. Si el material se ha dejado secar ser\u00e1 necesario emplear alcohol o thinner.<br \/>\nINFLAMABILIDAD: Producto no inflamable.<br \/>\nTE\u00d1IDO: Emplear hasta 30cc\/litro de Sistema Colorim\u00e9trico Netcolor Plus. Consultar la carta de colores y seguir las instrucciones de te\u00f1ido indicadas en el tubo.<\/p>\n","protected":false},"excerpt":{"rendered":"<p>COD66001175 C.Barr: 7798035378432<\/p>\n","protected":false},"featured_media":19500,"template":"","meta":{"_surecart_dashboard_logo_width":"180px","_surecart_dashboard_show_logo":true,"_surecart_dashboard_navigation_orders":true,"_surecart_dashboard_navigation_invoices":true,"_surecart_dashboard_navigation_subscriptions":true,"_surecart_dashboard_navigation_downloads":true,"_surecart_dashboard_navigation_billing":true,"_surecart_dashboard_navigation_account":true,"jetpack_publicize_message":"","jetpack_publicize_feature_enabled":true,"jetpack_social_post_already_shared":false,"jetpack_social_options":{"image_generator_settings":{"template":"highway","default_image_id":0,"font":"","enabled":false},"version":2}},"product_brand":[],"product_cat":[159,15],"product_tag":[],"class_list":{"0":"post-12634","1":"product","2":"type-product","3":"status-publish","4":"has-post-thumbnail","6":"product_cat-pintura","7":"product_cat-sin-categorizar","9":"first","10":"instock","11":"taxable","12":"shipping-taxable","13":"purchasable","14":"product-type-simple"},"aioseo_notices":[],"jetpack_publicize_connections":[],"jetpack_sharing_enabled":true,"jetpack_likes_enabled":true,"_links":{"self":[{"href":"https:\/\/carpetanegra.ferreterialaflorida.xyz\/cn\/wp-json\/wp\/v2\/product\/12634","targetHints":{"allow":["GET"]}}],"collection":[{"href":"https:\/\/carpetanegra.ferreterialaflorida.xyz\/cn\/wp-json\/wp\/v2\/product"}],"about":[{"href":"https:\/\/carpetanegra.ferreterialaflorida.xyz\/cn\/wp-json\/wp\/v2\/types\/product"}],"wp:featuredmedia":[{"embeddable":true,"href":"https:\/\/carpetanegra.ferreterialaflorida.xyz\/cn\/wp-json\/wp\/v2\/media\/19500"}],"wp:attachment":[{"href":"https:\/\/carpetanegra.ferreterialaflorida.xyz\/cn\/wp-json\/wp\/v2\/media?parent=12634"}],"wp:term":[{"taxonomy":"product_brand","embeddable":true,"href":"https:\/\/carpetanegra.ferreterialaflorida.xyz\/cn\/wp-json\/wp\/v2\/product_brand?post=12634"},{"taxonomy":"product_cat","embeddable":true,"href":"https:\/\/carpetanegra.ferreterialaflorida.xyz\/cn\/wp-json\/wp\/v2\/product_cat?post=12634"},{"taxonomy":"product_tag","embeddable":true,"href":"https:\/\/carpetanegra.ferreterialaflorida.xyz\/cn\/wp-json\/wp\/v2\/product_tag?post=12634"}],"curies":[{"name":"wp","href":"https:\/\/api.w.org\/{rel}","templated":true}]}}