{"id":16,"date":"2020-10-25T18:43:26","date_gmt":"2020-10-25T21:43:26","guid":{"rendered":"http:\/\/carpetanegra.ferreterialaflorida.xyz\/cn\/producto\/import-placeholder-for-352\/"},"modified":"2025-10-16T14:29:09","modified_gmt":"2025-10-16T17:29:09","slug":"gamma-qb-60-perifrica-1-2-hp-qmx-2763-g2763ar","status":"publish","type":"product","link":"https:\/\/carpetanegra.ferreterialaflorida.xyz\/cn\/producto\/gamma-qb-60-perifrica-1-2-hp-qmx-2763-g2763ar\/","title":{"rendered":"GAMMA QB 60 PERIFRICA 1\/2 HP QMX. [2763] G2763AR"},"content":{"rendered":"<p>Bomba Agua Perif\u00e9rica Extracci\u00f3n Gamma Qb60 1\/2 Hp G2763ar<\/p>\n<p>Estas bombas de agua est\u00e1n dise\u00f1adas para el uso dom\u00e9stico en la casa o jard\u00edn, para el drenaje de inundaciones, transferencia de l\u00edquidos, drenaje de tanques, tomar agua de pozos.<\/p>\n<p>Caracter\u00edsticas Principales:<br \/>\n&#8211; Art\u00edculo: G2763AR<br \/>\n&#8211; Modelo: QB-60<br \/>\n&#8211; Tipo: Perif\u00e9rica<br \/>\n&#8211; Alimentaci\u00f3n: 220 VCA &#8211; 50 Hz Monof\u00e1sica<br \/>\n&#8211; Caudal m\u00e1ximo: 40 L\/min \u2013 2400 L\/hora<br \/>\n&#8211; Motor: \u00bd HP<\/p>\n<p>Especificaciones T\u00e9cnicas:<br \/>\n&#8211; Altura m\u00e1xima: 20 metros<br \/>\n&#8211; Tipo de Agua: Aguas claras no agresivas<br \/>\n&#8211; Turbina: Bronce<br \/>\n&#8211; Capacidad m\u00e1x. succi\u00f3n: 6 metros<br \/>\n&#8211; Velocidad del motor: 2850 RPM<br \/>\n&#8211; Potencia del motor: 0,5 Hp<br \/>\n&#8211; Intensidad: 1.9 A<br \/>\n&#8211; Peso Neto: 5.5 Kg<br \/>\n&#8211; Temperatura m\u00e1xima del agua: 35\u00ba C<\/p>\n","protected":false},"excerpt":{"rendered":"<p>BOMBA GAMMA 1\/2 HP COD17100230 C.Barr: 7797506000346<\/p>\n","protected":false},"featured_media":46,"template":"","meta":{"_surecart_dashboard_logo_width":"180px","_surecart_dashboard_show_logo":true,"_surecart_dashboard_navigation_orders":true,"_surecart_dashboard_navigation_invoices":true,"_surecart_dashboard_navigation_subscriptions":true,"_surecart_dashboard_navigation_downloads":true,"_surecart_dashboard_navigation_billing":true,"_surecart_dashboard_navigation_account":true,"jetpack_publicize_message":"","jetpack_publicize_feature_enabled":true,"jetpack_social_post_already_shared":false,"jetpack_social_options":{"image_generator_settings":{"template":"highway","default_image_id":0,"font":"","enabled":false},"version":2}},"product_brand":[],"product_cat":[21],"product_tag":[22,23],"class_list":{"0":"post-16","1":"product","2":"type-product","3":"status-publish","4":"has-post-thumbnail","6":"product_cat-gamma","7":"product_tag-bomba","8":"product_tag-gamma","10":"first","11":"onbackorder","12":"featured","13":"taxable","14":"shipping-taxable","15":"purchasable","16":"product-type-simple"},"aioseo_notices":[],"jetpack_publicize_connections":[],"jetpack_sharing_enabled":true,"jetpack_likes_enabled":true,"_links":{"self":[{"href":"https:\/\/carpetanegra.ferreterialaflorida.xyz\/cn\/wp-json\/wp\/v2\/product\/16","targetHints":{"allow":["GET"]}}],"collection":[{"href":"https:\/\/carpetanegra.ferreterialaflorida.xyz\/cn\/wp-json\/wp\/v2\/product"}],"about":[{"href":"https:\/\/carpetanegra.ferreterialaflorida.xyz\/cn\/wp-json\/wp\/v2\/types\/product"}],"wp:featuredmedia":[{"embeddable":true,"href":"https:\/\/carpetanegra.ferreterialaflorida.xyz\/cn\/wp-json\/wp\/v2\/media\/46"}],"wp:attachment":[{"href":"https:\/\/carpetanegra.ferreterialaflorida.xyz\/cn\/wp-json\/wp\/v2\/media?parent=16"}],"wp:term":[{"taxonomy":"product_brand","embeddable":true,"href":"https:\/\/carpetanegra.ferreterialaflorida.xyz\/cn\/wp-json\/wp\/v2\/product_brand?post=16"},{"taxonomy":"product_cat","embeddable":true,"href":"https:\/\/carpetanegra.ferreterialaflorida.xyz\/cn\/wp-json\/wp\/v2\/product_cat?post=16"},{"taxonomy":"product_tag","embeddable":true,"href":"https:\/\/carpetanegra.ferreterialaflorida.xyz\/cn\/wp-json\/wp\/v2\/product_tag?post=16"}],"curies":[{"name":"wp","href":"https:\/\/api.w.org\/{rel}","templated":true}]}}