{"id":30037,"date":"2023-11-07T11:58:07","date_gmt":"2023-11-07T14:58:07","guid":{"rendered":"https:\/\/carpetanegra.ferreterialaflorida.xyz\/cn\/producto\/bomba-auto-aspirante-bf-80-m-alt-aspiracion-8-m-1500-x-22\/"},"modified":"2025-10-16T17:27:39","modified_gmt":"2025-10-16T20:27:39","slug":"bomba-auto-aspirante-bf-80-m-alt-aspiracion-8-m-1500-x-22","status":"publish","type":"product","link":"https:\/\/carpetanegra.ferreterialaflorida.xyz\/cn\/producto\/bomba-auto-aspirante-bf-80-m-alt-aspiracion-8-m-1500-x-22\/","title":{"rendered":"BOMBA AUTO-ASPIRANTE BF 80 M [ALT ASPIRACION 8 M] [1500 X 22"},"content":{"rendered":"<p>La l\u00ednea de bombas autoaspirantes &#8220;BF&#8221;, de gran poder de aspiraci\u00f3n y cebado, est\u00e1 dise\u00f1ada para bombear hasta 8 metros de profundidad.<\/p>\n<p>Son recomendadas para trabajar bombeando desde pozos abiertos o cisternas, colocando siempre una v\u00e1lvula de retenci\u00f3n de pie en el extremo de la ca\u00f1er\u00eda de aspiraci\u00f3n.<\/p>\n","protected":false},"excerpt":{"rendered":"<p>\u2022Cuerpo de Fundici\u00f3n de Hierro<\/p>\n<p>\u2022Impulsor y difusores en tecnopol\u00edmero de alta resistencia<\/p>\n<p>\u2022Sello mec\u00e1nico autoajustable de grafito\/cer\u00e1mica<\/p>\n<p>\u2022Eje de Acero Inoxidable: prolonga la vida \u00fatil del equipo.<\/p>\n<p>\u2022Protector t\u00e9rmico incorporado (en monof\u00e1sicas)<\/p>\n<p>\u2022Motor aislaci\u00f3n clase B \u2013 IP 44<\/p>\n<p>\u2022Cumplen con las normas de seguridad el\u00e9ctrica internacionales IEC<\/p>\n<p>\u2022Motor el\u00e9ctrico blindado 100%<\/p>\n","protected":false},"featured_media":30036,"template":"","meta":{"_surecart_dashboard_logo_width":"180px","_surecart_dashboard_show_logo":true,"_surecart_dashboard_navigation_orders":true,"_surecart_dashboard_navigation_invoices":true,"_surecart_dashboard_navigation_subscriptions":true,"_surecart_dashboard_navigation_downloads":true,"_surecart_dashboard_navigation_billing":true,"_surecart_dashboard_navigation_account":true,"jetpack_publicize_message":"","jetpack_publicize_feature_enabled":true,"jetpack_social_post_already_shared":false,"jetpack_social_options":{"image_generator_settings":{"template":"highway","default_image_id":0,"font":"","enabled":false},"version":2}},"product_brand":[],"product_cat":[5835,1266],"product_tag":[],"class_list":{"0":"post-30037","1":"product","2":"type-product","3":"status-publish","4":"has-post-thumbnail","6":"product_cat-bombas-de-agua-y-accesorios","7":"product_cat-motorarg-auto-aspirantes","9":"first","10":"onbackorder","11":"taxable","12":"shipping-taxable","13":"purchasable","14":"product-type-simple"},"aioseo_notices":[],"jetpack_publicize_connections":[],"jetpack_sharing_enabled":true,"jetpack_likes_enabled":true,"_links":{"self":[{"href":"https:\/\/carpetanegra.ferreterialaflorida.xyz\/cn\/wp-json\/wp\/v2\/product\/30037","targetHints":{"allow":["GET"]}}],"collection":[{"href":"https:\/\/carpetanegra.ferreterialaflorida.xyz\/cn\/wp-json\/wp\/v2\/product"}],"about":[{"href":"https:\/\/carpetanegra.ferreterialaflorida.xyz\/cn\/wp-json\/wp\/v2\/types\/product"}],"wp:featuredmedia":[{"embeddable":true,"href":"https:\/\/carpetanegra.ferreterialaflorida.xyz\/cn\/wp-json\/wp\/v2\/media\/30036"}],"wp:attachment":[{"href":"https:\/\/carpetanegra.ferreterialaflorida.xyz\/cn\/wp-json\/wp\/v2\/media?parent=30037"}],"wp:term":[{"taxonomy":"product_brand","embeddable":true,"href":"https:\/\/carpetanegra.ferreterialaflorida.xyz\/cn\/wp-json\/wp\/v2\/product_brand?post=30037"},{"taxonomy":"product_cat","embeddable":true,"href":"https:\/\/carpetanegra.ferreterialaflorida.xyz\/cn\/wp-json\/wp\/v2\/product_cat?post=30037"},{"taxonomy":"product_tag","embeddable":true,"href":"https:\/\/carpetanegra.ferreterialaflorida.xyz\/cn\/wp-json\/wp\/v2\/product_tag?post=30037"}],"curies":[{"name":"wp","href":"https:\/\/api.w.org\/{rel}","templated":true}]}}