{"id":30040,"date":"2023-11-07T11:58:09","date_gmt":"2023-11-07T14:58:09","guid":{"rendered":"https:\/\/carpetanegra.ferreterialaflorida.xyz\/cn\/producto\/sap-900-agua-limpia-hp-1-25-6000l-x-4h\/"},"modified":"2025-10-16T14:57:59","modified_gmt":"2025-10-16T17:57:59","slug":"sap-900-agua-limpia-hp-1-25-6000l-x-4h","status":"publish","type":"product","link":"https:\/\/carpetanegra.ferreterialaflorida.xyz\/cn\/producto\/sap-900-agua-limpia-hp-1-25-6000l-x-4h\/","title":{"rendered":"SAP 900 AGUA LIMPIA HP 1.25 [6000L X 4H]"},"content":{"rendered":"<p>La l\u00ednea de electrobombas sumergibles port\u00e1tiles para desagote dom\u00e9stico \u201cSAP\u201d, est\u00e1 dise\u00f1ada para bombear aguas claras o ligeramente sucias con peque\u00f1os s\u00f3lidos en suspensi\u00f3n hasta \u00d8 10 mm<\/p>\n<p>De f\u00e1cil instalaci\u00f3n se sumergen directamente en el lugar a desagotar.<\/p>\n","protected":false},"excerpt":{"rendered":"<p>\u2022 Cuerpo de bomba en tecnopol\u00edmero<\/p>\n<p>\u2022 Impulsor en tecnopol\u00edmero<\/p>\n<p>\u2022 Eje de acero inoxidable<\/p>\n<p>\u2022 Sello mec\u00e1nico autoajustable de cer\u00e1mica\/grafito<\/p>\n<p>\u2022 Interruptor flotante de nivel incorporado<\/p>\n<p>\u2022 Motor aislaci\u00f3n clase B \u2013 IP 58<\/p>\n<p>\u2022 Cumplen con las normas de seguridad el\u00e9ctrica internacionales IEC<\/p>\n<p>\u2022 Temperatura del fluido hasta + 35\u00baC<\/p>\n<p>\u2022 Sumergencia m\u00e1xima 5 metros<\/p>\n<p>\u2022 Nivel m\u00ednimo de agua 30 mm<\/p>\n","protected":false},"featured_media":30039,"template":"","meta":{"_surecart_dashboard_logo_width":"180px","_surecart_dashboard_show_logo":true,"_surecart_dashboard_navigation_orders":true,"_surecart_dashboard_navigation_invoices":true,"_surecart_dashboard_navigation_subscriptions":true,"_surecart_dashboard_navigation_downloads":true,"_surecart_dashboard_navigation_billing":true,"_surecart_dashboard_navigation_account":true,"jetpack_publicize_message":"","jetpack_publicize_feature_enabled":true,"jetpack_social_post_already_shared":false,"jetpack_social_options":{"image_generator_settings":{"template":"highway","default_image_id":0,"font":"","enabled":false},"version":2}},"product_brand":[],"product_cat":[1267],"product_tag":[],"class_list":{"0":"post-30040","1":"product","2":"type-product","3":"status-publish","4":"has-post-thumbnail","6":"product_cat-motorarg-sumergible","8":"first","9":"onbackorder","10":"taxable","11":"shipping-taxable","12":"purchasable","13":"product-type-simple"},"aioseo_notices":[],"jetpack_publicize_connections":[],"jetpack_sharing_enabled":true,"jetpack_likes_enabled":true,"_links":{"self":[{"href":"https:\/\/carpetanegra.ferreterialaflorida.xyz\/cn\/wp-json\/wp\/v2\/product\/30040","targetHints":{"allow":["GET"]}}],"collection":[{"href":"https:\/\/carpetanegra.ferreterialaflorida.xyz\/cn\/wp-json\/wp\/v2\/product"}],"about":[{"href":"https:\/\/carpetanegra.ferreterialaflorida.xyz\/cn\/wp-json\/wp\/v2\/types\/product"}],"wp:featuredmedia":[{"embeddable":true,"href":"https:\/\/carpetanegra.ferreterialaflorida.xyz\/cn\/wp-json\/wp\/v2\/media\/30039"}],"wp:attachment":[{"href":"https:\/\/carpetanegra.ferreterialaflorida.xyz\/cn\/wp-json\/wp\/v2\/media?parent=30040"}],"wp:term":[{"taxonomy":"product_brand","embeddable":true,"href":"https:\/\/carpetanegra.ferreterialaflorida.xyz\/cn\/wp-json\/wp\/v2\/product_brand?post=30040"},{"taxonomy":"product_cat","embeddable":true,"href":"https:\/\/carpetanegra.ferreterialaflorida.xyz\/cn\/wp-json\/wp\/v2\/product_cat?post=30040"},{"taxonomy":"product_tag","embeddable":true,"href":"https:\/\/carpetanegra.ferreterialaflorida.xyz\/cn\/wp-json\/wp\/v2\/product_tag?post=30040"}],"curies":[{"name":"wp","href":"https:\/\/api.w.org\/{rel}","templated":true}]}}