{"id":31790,"date":"2024-06-04T19:10:51","date_gmt":"2024-06-04T22:10:51","guid":{"rendered":"https:\/\/carpetanegra.ferreterialaflorida.xyz\/cn\/producto\/cinta-metrica-3-m-x-19-mm-bremen-br7612\/"},"modified":"2026-03-21T10:19:29","modified_gmt":"2026-03-21T13:19:29","slug":"cinta-metrica-3-m-x-19-mm-bremen-br7612","status":"publish","type":"product","link":"https:\/\/carpetanegra.ferreterialaflorida.xyz\/cn\/producto\/cinta-metrica-3-m-x-19-mm-bremen-br7612\/","title":{"rendered":"CINTA METRICA 3 M X 19 MM BREMEN &#8211; BR7612"},"content":{"rendered":"<p>|     Cuerpo de ABS recubierto con TPR, material ergon\u00f3mico y antideslizante.<\/p>\n<p>|     Resulta liviana en el uso y altamente resistente ante golpes o ca\u00eddas.<\/p>\n<p>|     Su hoja se mantiene extendida a la longitud deseada sin necesidad de presionar ning\u00fan bot\u00f3n, gracias a un mecanismo interno de bloqueo autom\u00e1tico que impide que se retraiga. El bot\u00f3n \u00fanicamente debe presionarse para retraerla.<\/p>\n<p>|     El sistema autofrenante permite ahorrar tiempo, facilita la manipulaci\u00f3n y contribuye a una mayor precisi\u00f3n en las mediciones. Asimismo, el control de la retracci\u00f3n de la cinta prolonga la vida \u00fatil de la hoja.<\/p>\n<p>|     El grado de rigidez de la hoja, o standout, es la distancia a la que se mantiene extendida sin perder rigidez, antes del punto cr\u00edtico de pandeo o quiebre. Un mayor standout es especialmente \u00fatil para medir objetos largos o altos, o cuando se trabaja sin ayuda.<\/p>\n<p>|     Fleje reforzado con revestimiento de nylon que proteje la serigraf\u00eda, evitando el desgaste y garantizando su durabilidad.<\/p>\n<p>|     N\u00fameros impresos de mayor tama\u00f1o para facilitar la lectura.<\/p>\n<p>|     Punta con doble Im\u00e1n para adherir f\u00edrmemente a superficies met\u00e1licas y facilitar la medici\u00f3n.<\/p>\n<p>|     Los imanes son entallados y est\u00e1n insertados en el gancho, lo que impide que se desprendan.<\/p>\n<p>|     El movimiento del gancho compensa su espesor al realizar mediciones interiores y exteriores.<\/p>\n<p>C\u00d3DIGO   MEDIDA   ANCHO FLEJE  STANDOUT VERTICAL   STANDOUT A 45\u00b0   STANDOUT HORIZONTAL<\/p>\n<p>7612               3m               19mm                        2,50m                                           2,00m                              1,70m<\/p>\n<p>7613               5m               25mm                       3,00m                                           2,50m                              2,10m<\/p>\n<p>7614               8m               25mm                      3,00m                                            2,50m                              2,10m<\/p>\n<p>* Producto ensayado y aprobado por el Instituto Nacional de Tecnolog\u00eda Industrial (INTI).<\/p>\n<p>* Cumple con la reglamentaci\u00f3n del Sistema M\u00e9trico Legal Argentino (SIMELA).<\/p>\n","protected":false},"excerpt":{"rendered":"<p>COD53006190<\/p>\n","protected":false},"featured_media":37830,"template":"","meta":{"_surecart_dashboard_logo_width":"180px","_surecart_dashboard_show_logo":true,"_surecart_dashboard_navigation_orders":true,"_surecart_dashboard_navigation_invoices":true,"_surecart_dashboard_navigation_subscriptions":true,"_surecart_dashboard_navigation_downloads":true,"_surecart_dashboard_navigation_billing":true,"_surecart_dashboard_navigation_account":true,"jetpack_publicize_message":"","jetpack_publicize_feature_enabled":true,"jetpack_social_post_already_shared":true,"jetpack_social_options":{"image_generator_settings":{"template":"highway","default_image_id":0,"font":"","enabled":false},"version":2}},"product_brand":[],"product_cat":[5817,15],"product_tag":[],"class_list":{"0":"post-31790","1":"product","2":"type-product","3":"status-publish","4":"has-post-thumbnail","6":"product_cat-cintas-de-obra-lonas-y-plasticos","7":"product_cat-sin-categorizar","9":"first","10":"onbackorder","11":"taxable","12":"shipping-taxable","13":"purchasable","14":"product-type-simple"},"aioseo_notices":[],"jetpack_publicize_connections":[],"jetpack_sharing_enabled":true,"jetpack_likes_enabled":true,"_links":{"self":[{"href":"https:\/\/carpetanegra.ferreterialaflorida.xyz\/cn\/wp-json\/wp\/v2\/product\/31790","targetHints":{"allow":["GET"]}}],"collection":[{"href":"https:\/\/carpetanegra.ferreterialaflorida.xyz\/cn\/wp-json\/wp\/v2\/product"}],"about":[{"href":"https:\/\/carpetanegra.ferreterialaflorida.xyz\/cn\/wp-json\/wp\/v2\/types\/product"}],"wp:featuredmedia":[{"embeddable":true,"href":"https:\/\/carpetanegra.ferreterialaflorida.xyz\/cn\/wp-json\/wp\/v2\/media\/37830"}],"wp:attachment":[{"href":"https:\/\/carpetanegra.ferreterialaflorida.xyz\/cn\/wp-json\/wp\/v2\/media?parent=31790"}],"wp:term":[{"taxonomy":"product_brand","embeddable":true,"href":"https:\/\/carpetanegra.ferreterialaflorida.xyz\/cn\/wp-json\/wp\/v2\/product_brand?post=31790"},{"taxonomy":"product_cat","embeddable":true,"href":"https:\/\/carpetanegra.ferreterialaflorida.xyz\/cn\/wp-json\/wp\/v2\/product_cat?post=31790"},{"taxonomy":"product_tag","embeddable":true,"href":"https:\/\/carpetanegra.ferreterialaflorida.xyz\/cn\/wp-json\/wp\/v2\/product_tag?post=31790"}],"curies":[{"name":"wp","href":"https:\/\/api.w.org\/{rel}","templated":true}]}}