{"id":33690,"date":"2024-09-25T19:26:29","date_gmt":"2024-09-25T22:26:29","guid":{"rendered":"https:\/\/carpetanegra.ferreterialaflorida.xyz\/cn\/producto\/fresa-para-router-muellepara-fresa-ranura-cod-7638-1-4x3-4x17mm-bremen-br7639\/"},"modified":"2026-03-21T10:19:30","modified_gmt":"2026-03-21T13:19:30","slug":"fresa-para-router-muellepara-fresa-ranura-cod-7638-1-4x3-4x17mm-bremen-br7639","status":"publish","type":"product","link":"https:\/\/carpetanegra.ferreterialaflorida.xyz\/cn\/producto\/fresa-para-router-muellepara-fresa-ranura-cod-7638-1-4x3-4x17mm-bremen-br7639\/","title":{"rendered":"FRESA PARA ROUTER [MUELLE]PARA FRESA RANURA COD 7638] 1\/4&#8243;X3\/4&#8243;X17MM BREMEN &#8211; BR7639"},"content":{"rendered":"<p>Caracter\u00edsticas<br \/>\n| Las Fresas para Router poseen filos de Carburo de Tungsteno, material de gran resistencia al desgaste que asegura una mayor duraci\u00f3n de los filos.<\/p>\n<p>| El Carburo de Tungsteno permite alcanzar altas velocidades de corte sin que la herramienta sufra deformaciones y manteniendo su dureza, lo que reduce considerablemente el tiempo de trabajo.<\/p>\n<p>| Poseen v\u00e1stago cil\u00edndrico de \u00d8 1\/4&#8243;.<\/p>\n<p>Material del Filo: Carburo de Tungsteno<\/p>\n<p>Material del Cuerpo: Acero al Carbono<\/p>\n<p>\u00d8 Di\u00e1metros M\u00e1ximos:<\/p>\n<p>C\u00f3d. 7638 3\/4&#8243; (19,05mm)<br \/>\nC\u00f3d. 7639 3\/4&#8243; (19,05mm)<br \/>\nC\u00f3d. 7640 7\/8&#8243; (22,22mm)<br \/>\nC\u00f3d. 7641 7\/8&#8243; (22,22mm)<br \/>\nUsos<br \/>\n| Aptas para ser utilizadas en Router Manual<\/p>\n","protected":false},"excerpt":{"rendered":"<p>COD53006242<\/p>\n<p>Caracter\u00edsticas<br \/>\n| Las Fresas para Router poseen filos de Carburo de Tungsteno, material de gran resistencia al desgaste que asegura una mayor duraci\u00f3n de los filos.<\/p>\n<p>| El Carburo de Tungsteno permite alcanzar altas velocidades de corte sin que la herramienta sufra deformaciones y manteniendo su dureza, lo que reduce considerablemente el tiempo de trabajo.<\/p>\n<p>| Poseen v\u00e1stago cil\u00edndrico de \u00d8 1\/4&#8243;.<\/p>\n<p>Material del Filo: Carburo de Tungsteno<\/p>\n<p>Material del Cuerpo: Acero al Carbono<br \/>\n| Aptas para ser utilizadas en Router Manual<\/p>\n","protected":false},"featured_media":33834,"template":"","meta":{"_surecart_dashboard_logo_width":"180px","_surecart_dashboard_show_logo":true,"_surecart_dashboard_navigation_orders":true,"_surecart_dashboard_navigation_invoices":true,"_surecart_dashboard_navigation_subscriptions":true,"_surecart_dashboard_navigation_downloads":true,"_surecart_dashboard_navigation_billing":true,"_surecart_dashboard_navigation_account":true,"jetpack_publicize_message":"","jetpack_publicize_feature_enabled":true,"jetpack_social_post_already_shared":true,"jetpack_social_options":{"image_generator_settings":{"template":"highway","default_image_id":0,"font":"","enabled":false},"version":2}},"product_brand":[],"product_cat":[250],"product_tag":[2713,2714,38],"class_list":{"0":"post-33690","1":"product","2":"type-product","3":"status-publish","4":"has-post-thumbnail","6":"product_cat-varios","7":"product_tag-bremen","8":"product_tag-fresa","9":"product_tag-herramientas","10":"product_shipping_class-standar","12":"first","13":"onbackorder","14":"taxable","15":"shipping-taxable","16":"purchasable","17":"product-type-simple"},"aioseo_notices":[],"jetpack_publicize_connections":[],"jetpack_sharing_enabled":true,"jetpack_likes_enabled":true,"_links":{"self":[{"href":"https:\/\/carpetanegra.ferreterialaflorida.xyz\/cn\/wp-json\/wp\/v2\/product\/33690","targetHints":{"allow":["GET"]}}],"collection":[{"href":"https:\/\/carpetanegra.ferreterialaflorida.xyz\/cn\/wp-json\/wp\/v2\/product"}],"about":[{"href":"https:\/\/carpetanegra.ferreterialaflorida.xyz\/cn\/wp-json\/wp\/v2\/types\/product"}],"wp:featuredmedia":[{"embeddable":true,"href":"https:\/\/carpetanegra.ferreterialaflorida.xyz\/cn\/wp-json\/wp\/v2\/media\/33834"}],"wp:attachment":[{"href":"https:\/\/carpetanegra.ferreterialaflorida.xyz\/cn\/wp-json\/wp\/v2\/media?parent=33690"}],"wp:term":[{"taxonomy":"product_brand","embeddable":true,"href":"https:\/\/carpetanegra.ferreterialaflorida.xyz\/cn\/wp-json\/wp\/v2\/product_brand?post=33690"},{"taxonomy":"product_cat","embeddable":true,"href":"https:\/\/carpetanegra.ferreterialaflorida.xyz\/cn\/wp-json\/wp\/v2\/product_cat?post=33690"},{"taxonomy":"product_tag","embeddable":true,"href":"https:\/\/carpetanegra.ferreterialaflorida.xyz\/cn\/wp-json\/wp\/v2\/product_tag?post=33690"}],"curies":[{"name":"wp","href":"https:\/\/api.w.org\/{rel}","templated":true}]}}