{"id":34138,"date":"2025-04-25T10:06:45","date_gmt":"2025-04-25T13:06:45","guid":{"rendered":"https:\/\/carpetanegra.ferreterialaflorida.xyz\/cn\/producto\/ds-bomba-presurizadora-pres-100-w-pluvius\/"},"modified":"2025-10-16T17:22:27","modified_gmt":"2025-10-16T20:22:27","slug":"ds-bomba-presurizadora-pres-100-w-pluvius","status":"publish","type":"product","link":"https:\/\/carpetanegra.ferreterialaflorida.xyz\/cn\/producto\/ds-bomba-presurizadora-pres-100-w-pluvius\/","title":{"rendered":"DS BOMBA PRESURIZADORA PRES 100 W [PLUVIUS]"},"content":{"rendered":"","protected":false},"excerpt":{"rendered":"<p>Las presurizadoras PRES TE (Tanque Elevado) Pluvius son completamente silenciosas por lo que resultan ideales para ser instaladas en el interior de cocinas, ba\u00f1os, lavaderos, \u00e1reas de calefacci\u00f3n, etc. De esta manera permiten elevar la presi\u00f3n del agua en artefactos puntuales tales como duchas, grifos, calefones y dem\u00e1s. Cuentan con un sensor de flujo incorporando que permite su funcionamiento autom\u00e1tico, activ\u00e1ndose al abrir el paso de agua y ap\u00e1ngandose al cerrarlo. Estos equipos requieren una presi\u00f3n m\u00ednima de ingreso de 0,5 bar o estar ubicadas al menos 50 cm por debajo del tanque elevado.<\/p>\n","protected":false},"featured_media":34137,"template":"","meta":{"_surecart_dashboard_logo_width":"180px","_surecart_dashboard_show_logo":true,"_surecart_dashboard_navigation_orders":true,"_surecart_dashboard_navigation_invoices":true,"_surecart_dashboard_navigation_subscriptions":true,"_surecart_dashboard_navigation_downloads":true,"_surecart_dashboard_navigation_billing":true,"_surecart_dashboard_navigation_account":true,"jetpack_publicize_message":"","jetpack_publicize_feature_enabled":true,"jetpack_social_post_already_shared":true,"jetpack_social_options":{"image_generator_settings":{"template":"highway","default_image_id":0,"font":"","enabled":false},"version":2}},"product_brand":[],"product_cat":[5835,4564],"product_tag":[],"class_list":{"0":"post-34138","1":"product","2":"type-product","3":"status-publish","4":"has-post-thumbnail","6":"product_cat-bombas-de-agua-y-accesorios","7":"product_cat-pluvius-accesorios-presurizadora","9":"first","10":"onbackorder","11":"taxable","12":"shipping-taxable","13":"purchasable","14":"product-type-simple"},"aioseo_notices":[],"jetpack_publicize_connections":[],"jetpack_sharing_enabled":true,"jetpack_likes_enabled":true,"_links":{"self":[{"href":"https:\/\/carpetanegra.ferreterialaflorida.xyz\/cn\/wp-json\/wp\/v2\/product\/34138","targetHints":{"allow":["GET"]}}],"collection":[{"href":"https:\/\/carpetanegra.ferreterialaflorida.xyz\/cn\/wp-json\/wp\/v2\/product"}],"about":[{"href":"https:\/\/carpetanegra.ferreterialaflorida.xyz\/cn\/wp-json\/wp\/v2\/types\/product"}],"wp:featuredmedia":[{"embeddable":true,"href":"https:\/\/carpetanegra.ferreterialaflorida.xyz\/cn\/wp-json\/wp\/v2\/media\/34137"}],"wp:attachment":[{"href":"https:\/\/carpetanegra.ferreterialaflorida.xyz\/cn\/wp-json\/wp\/v2\/media?parent=34138"}],"wp:term":[{"taxonomy":"product_brand","embeddable":true,"href":"https:\/\/carpetanegra.ferreterialaflorida.xyz\/cn\/wp-json\/wp\/v2\/product_brand?post=34138"},{"taxonomy":"product_cat","embeddable":true,"href":"https:\/\/carpetanegra.ferreterialaflorida.xyz\/cn\/wp-json\/wp\/v2\/product_cat?post=34138"},{"taxonomy":"product_tag","embeddable":true,"href":"https:\/\/carpetanegra.ferreterialaflorida.xyz\/cn\/wp-json\/wp\/v2\/product_tag?post=34138"}],"curies":[{"name":"wp","href":"https:\/\/api.w.org\/{rel}","templated":true}]}}