{"id":34686,"date":"2025-04-28T01:30:53","date_gmt":"2025-04-28T04:30:53","guid":{"rendered":"https:\/\/carpetanegra.ferreterialaflorida.xyz\/cn\/producto\/protector-alta-baja-tension-smart-wifi-63amp-220v-din\/"},"modified":"2025-10-16T17:25:53","modified_gmt":"2025-10-16T20:25:53","slug":"protector-alta-baja-tension-smart-wifi-63amp-220v-din","status":"publish","type":"product","link":"https:\/\/carpetanegra.ferreterialaflorida.xyz\/cn\/producto\/protector-alta-baja-tension-smart-wifi-63amp-220v-din\/","title":{"rendered":"PROTECTOR ALTA-BAJA TENSION SMART WIFI 63AMP 220V DIN"},"content":{"rendered":"<p>Protecci\u00f3n y control SMART WiFi de instalaci\u00f3n el\u00e9ctrica monof\u00e1sica.<br \/>\nPVA-63AP1<br \/>\nCARACTER\u00cdSTICAS DEL PRODUCTO<br \/>\n2 m\u00f3dulos DIN. Display LCD. Protege por sobre y baja tensi\u00f3n, sobrecarga y corriente de falla a tierra.  U: 85~300Vca. &gt;U: 230~280Vca. I: 1~63A. I\u0394n: 10~300mA-OFF. Energ\u00eda: 99999,9kWh. Registro de eventos y alarmas. Con\ufb01guraci\u00f3n y control manual o mediante WiFi de 2,4Ghz.  APP SMARTLIFE para IOS y Android.<\/p>\n<p><iframe loading=\"lazy\" title=\"Protector El\u00e9ctrico Inteligente WiFi | Monitoreo y Control de Consumo con BAW\" width=\"1290\" height=\"726\" src=\"https:\/\/www.youtube.com\/embed\/Enui4xNhPbg?feature=oembed\" frameborder=\"0\" allow=\"accelerometer; autoplay; clipboard-write; encrypted-media; gyroscope; picture-in-picture; web-share\" referrerpolicy=\"strict-origin-when-cross-origin\" allowfullscreen><\/iframe><\/p>\n","protected":false},"excerpt":{"rendered":"<p>COD52049866<\/p>\n","protected":false},"featured_media":36444,"template":"","meta":{"_surecart_dashboard_logo_width":"180px","_surecart_dashboard_show_logo":true,"_surecart_dashboard_navigation_orders":true,"_surecart_dashboard_navigation_invoices":true,"_surecart_dashboard_navigation_subscriptions":true,"_surecart_dashboard_navigation_downloads":true,"_surecart_dashboard_navigation_billing":true,"_surecart_dashboard_navigation_account":true,"jetpack_publicize_message":"","jetpack_publicize_feature_enabled":true,"jetpack_social_post_already_shared":true,"jetpack_social_options":{"image_generator_settings":{"template":"highway","default_image_id":0,"font":"","enabled":false},"version":2}},"product_brand":[],"product_cat":[5873,250],"product_tag":[],"class_list":{"0":"post-34686","1":"product","2":"type-product","3":"status-publish","4":"has-post-thumbnail","6":"product_cat-protectores-auditivos-y-respiratorios","7":"product_cat-varios","9":"first","10":"onbackorder","11":"taxable","12":"shipping-taxable","13":"purchasable","14":"product-type-simple"},"aioseo_notices":[],"jetpack_publicize_connections":[],"jetpack_sharing_enabled":true,"jetpack_likes_enabled":true,"_links":{"self":[{"href":"https:\/\/carpetanegra.ferreterialaflorida.xyz\/cn\/wp-json\/wp\/v2\/product\/34686","targetHints":{"allow":["GET"]}}],"collection":[{"href":"https:\/\/carpetanegra.ferreterialaflorida.xyz\/cn\/wp-json\/wp\/v2\/product"}],"about":[{"href":"https:\/\/carpetanegra.ferreterialaflorida.xyz\/cn\/wp-json\/wp\/v2\/types\/product"}],"wp:featuredmedia":[{"embeddable":true,"href":"https:\/\/carpetanegra.ferreterialaflorida.xyz\/cn\/wp-json\/wp\/v2\/media\/36444"}],"wp:attachment":[{"href":"https:\/\/carpetanegra.ferreterialaflorida.xyz\/cn\/wp-json\/wp\/v2\/media?parent=34686"}],"wp:term":[{"taxonomy":"product_brand","embeddable":true,"href":"https:\/\/carpetanegra.ferreterialaflorida.xyz\/cn\/wp-json\/wp\/v2\/product_brand?post=34686"},{"taxonomy":"product_cat","embeddable":true,"href":"https:\/\/carpetanegra.ferreterialaflorida.xyz\/cn\/wp-json\/wp\/v2\/product_cat?post=34686"},{"taxonomy":"product_tag","embeddable":true,"href":"https:\/\/carpetanegra.ferreterialaflorida.xyz\/cn\/wp-json\/wp\/v2\/product_tag?post=34686"}],"curies":[{"name":"wp","href":"https:\/\/api.w.org\/{rel}","templated":true}]}}