{"id":35996,"date":"2025-09-02T13:31:20","date_gmt":"2025-09-02T16:31:20","guid":{"rendered":"https:\/\/carpetanegra.ferreterialaflorida.xyz\/cn\/producto\/adhesivo-en-espuma-orbafoam-fij-60-segundos-750-ml-quilosa-10040759\/"},"modified":"2026-03-21T10:19:51","modified_gmt":"2026-03-21T13:19:51","slug":"adhesivo-en-espuma-orbafoam-fij-60-segundos-750-ml-quilosa-10040759","status":"publish","type":"product","link":"https:\/\/carpetanegra.ferreterialaflorida.xyz\/cn\/producto\/adhesivo-en-espuma-orbafoam-fij-60-segundos-750-ml-quilosa-10040759\/","title":{"rendered":"ADHESIVO EN ESPUMA ORBAFOAM FIJ.60 SEGUNDOS 750 ml. QUILOSA &#8211; 10040759"},"content":{"rendered":"<p>El Orbafoam Fijaci\u00f3n 60 Seg C\u00e1nula Ergo es un adhesivo poliuret\u00e1nico de alta calidad, ideal para la fijaci\u00f3n de diversos materiales en proyectos de construcci\u00f3n y decoraci\u00f3n. Su f\u00f3rmula instant\u00e1nea permite una uni\u00f3n r\u00e1pida y efectiva, facilitando el trabajo en superficies como hormig\u00f3n, madera, y paneles aislantes. Con un volumen de 750 mL y un peso de 750 g, este producto es perfecto para tareas que requieren precisi\u00f3n y durabilidad. Su consistencia l\u00edquida asegura una aplicaci\u00f3n uniforme, mientras que su versatilidad lo hace apto para el montaje de marcos de puertas, rodapi\u00e9s, sanitarios, azulejos y m\u00e1s. Adem\u00e1s, es importante destacar que no es compatible con pl\u00e1sticos como PE, PP y PTFE. Con la marca Quilosa, puedes confiar en la calidad y efectividad de este adhesivo para tus proyectos de reparaci\u00f3n y aislamiento en techos y paredes.<\/p>\n","protected":false},"excerpt":{"rendered":"<p>Cod.53011052<\/p>\n","protected":false},"featured_media":37694,"template":"","meta":{"_surecart_dashboard_logo_width":"180px","_surecart_dashboard_show_logo":true,"_surecart_dashboard_navigation_orders":true,"_surecart_dashboard_navigation_invoices":true,"_surecart_dashboard_navigation_subscriptions":true,"_surecart_dashboard_navigation_downloads":true,"_surecart_dashboard_navigation_billing":true,"_surecart_dashboard_navigation_account":true,"jetpack_publicize_message":"","jetpack_publicize_feature_enabled":true,"jetpack_social_post_already_shared":true,"jetpack_social_options":{"image_generator_settings":{"template":"highway","default_image_id":0,"font":"","enabled":false},"version":2}},"product_brand":[],"product_cat":[5826,250],"product_tag":[],"class_list":{"0":"post-35996","1":"product","2":"type-product","3":"status-publish","4":"has-post-thumbnail","6":"product_cat-adhesivos-selladores-y-siliconas","7":"product_cat-varios","9":"first","10":"onbackorder","11":"taxable","12":"shipping-taxable","13":"purchasable","14":"product-type-simple"},"aioseo_notices":[],"jetpack_publicize_connections":[],"jetpack_sharing_enabled":true,"jetpack_likes_enabled":true,"_links":{"self":[{"href":"https:\/\/carpetanegra.ferreterialaflorida.xyz\/cn\/wp-json\/wp\/v2\/product\/35996","targetHints":{"allow":["GET"]}}],"collection":[{"href":"https:\/\/carpetanegra.ferreterialaflorida.xyz\/cn\/wp-json\/wp\/v2\/product"}],"about":[{"href":"https:\/\/carpetanegra.ferreterialaflorida.xyz\/cn\/wp-json\/wp\/v2\/types\/product"}],"wp:featuredmedia":[{"embeddable":true,"href":"https:\/\/carpetanegra.ferreterialaflorida.xyz\/cn\/wp-json\/wp\/v2\/media\/37694"}],"wp:attachment":[{"href":"https:\/\/carpetanegra.ferreterialaflorida.xyz\/cn\/wp-json\/wp\/v2\/media?parent=35996"}],"wp:term":[{"taxonomy":"product_brand","embeddable":true,"href":"https:\/\/carpetanegra.ferreterialaflorida.xyz\/cn\/wp-json\/wp\/v2\/product_brand?post=35996"},{"taxonomy":"product_cat","embeddable":true,"href":"https:\/\/carpetanegra.ferreterialaflorida.xyz\/cn\/wp-json\/wp\/v2\/product_cat?post=35996"},{"taxonomy":"product_tag","embeddable":true,"href":"https:\/\/carpetanegra.ferreterialaflorida.xyz\/cn\/wp-json\/wp\/v2\/product_tag?post=35996"}],"curies":[{"name":"wp","href":"https:\/\/api.w.org\/{rel}","templated":true}]}}