{"id":38942,"date":"2026-03-23T17:27:27","date_gmt":"2026-03-23T20:27:27","guid":{"rendered":"https:\/\/carpetanegra.ferreterialaflorida.xyz\/cn\/?post_type=product&#038;p=38942"},"modified":"2026-03-23T17:43:40","modified_gmt":"2026-03-23T20:43:40","slug":"bomba-bt12v-argentec-trasvase-cervezagasoilaguaenfriado","status":"publish","type":"product","link":"https:\/\/carpetanegra.ferreterialaflorida.xyz\/cn\/producto\/bomba-bt12v-argentec-trasvase-cervezagasoilaguaenfriado\/","title":{"rendered":"Bomba Bt12v Argentec Trasvase Cerveza,gasoil,agua,enfriado"},"content":{"rendered":"<p>BOMBA TRASVASADORA ARGENTEC MODELO NUEVO<\/p>\n<p>-12 VOLT<\/p>\n<p>-3000L\/H<\/p>\n<p>-USO INDUSTRIAL<\/p>\n<p>-MODELO: BT12VN<\/p>\n<p>CARACTER\u00cdSTICAS:<\/p>\n<p>*Caudal 3000 L\/hora<br \/>\n* Presi\u00f3n 18 MCA<br \/>\n*Temperatura max: 80\u00ba<br \/>\n*Peso: 3,2kg<br \/>\n* Altura m\u00e1xima: 15mts<br \/>\n* Succi\u00f3n m\u00e1xima: 1mts<br \/>\n* 12 volts<br \/>\n* Consumo M\u00e1ximo: 18 A<br \/>\n* Sello cer\u00e1mico<br \/>\n* Apto para todo tipo de l\u00edquidos (Excepto combustibles de alto octanaje como el de aviones)<\/p>\n<p>Con pinzas para utilizar conectada a una bater\u00eda de automovil<\/p>\n<p>Caudal 5000 Litros\/Hora<\/p>\n<p>Presi\u00f3n 16 MCA (1,6 Kg\/cm2)<\/p>\n<p>Temperatura M\u00e1xima 80 Grados<\/p>\n<p>Peso 3,700 Kg.<\/p>\n<p>Alimentaci\u00f3n 12V<\/p>\n<p>Rosca 1&#8243; (Gas Macho)<\/p>\n<p>Usos: Recirculado, Trasvase, Enfriado, Lavado CIP.<\/p>\n","protected":false},"excerpt":{"rendered":"<p>BOMBA TRASVASADORA ARGENTEC MODELO NUEVO -12 VOLT -3000L\/H -USO INDUSTRIAL -MODELO: BT12VN CARACTER\u00cdSTICAS: *Caudal 3000 L\/hora * Presi\u00f3n 18 MCA *Temperatura max: 80\u00ba *Peso: 3,2kg * Altura m\u00e1xima: 15mts * Succi\u00f3n m\u00e1xima: 1mts * 12 volts * Consumo M\u00e1ximo: 18 A * Sello cer\u00e1mico * Apto para todo tipo de l\u00edquidos (Excepto combustibles de alto [&hellip;]<\/p>\n","protected":false},"featured_media":38944,"template":"","meta":{"_surecart_dashboard_logo_width":"180px","_surecart_dashboard_show_logo":true,"_surecart_dashboard_navigation_orders":true,"_surecart_dashboard_navigation_invoices":true,"_surecart_dashboard_navigation_subscriptions":true,"_surecart_dashboard_navigation_downloads":true,"_surecart_dashboard_navigation_billing":true,"_surecart_dashboard_navigation_account":true,"jetpack_publicize_message":"","jetpack_publicize_feature_enabled":true,"jetpack_social_post_already_shared":true,"jetpack_social_options":{"image_generator_settings":{"template":"highway","default_image_id":0,"font":"","enabled":false},"version":2}},"product_brand":[],"product_cat":[15],"product_tag":[],"class_list":{"0":"post-38942","1":"product","2":"type-product","3":"status-publish","4":"has-post-thumbnail","6":"product_cat-sin-categorizar","7":"product_shipping_class-standar","9":"first","10":"instock","11":"taxable","12":"shipping-taxable","13":"product-type-simple"},"aioseo_notices":[],"jetpack_publicize_connections":[],"jetpack_sharing_enabled":true,"jetpack_likes_enabled":true,"_links":{"self":[{"href":"https:\/\/carpetanegra.ferreterialaflorida.xyz\/cn\/wp-json\/wp\/v2\/product\/38942","targetHints":{"allow":["GET"]}}],"collection":[{"href":"https:\/\/carpetanegra.ferreterialaflorida.xyz\/cn\/wp-json\/wp\/v2\/product"}],"about":[{"href":"https:\/\/carpetanegra.ferreterialaflorida.xyz\/cn\/wp-json\/wp\/v2\/types\/product"}],"wp:featuredmedia":[{"embeddable":true,"href":"https:\/\/carpetanegra.ferreterialaflorida.xyz\/cn\/wp-json\/wp\/v2\/media\/38944"}],"wp:attachment":[{"href":"https:\/\/carpetanegra.ferreterialaflorida.xyz\/cn\/wp-json\/wp\/v2\/media?parent=38942"}],"wp:term":[{"taxonomy":"product_brand","embeddable":true,"href":"https:\/\/carpetanegra.ferreterialaflorida.xyz\/cn\/wp-json\/wp\/v2\/product_brand?post=38942"},{"taxonomy":"product_cat","embeddable":true,"href":"https:\/\/carpetanegra.ferreterialaflorida.xyz\/cn\/wp-json\/wp\/v2\/product_cat?post=38942"},{"taxonomy":"product_tag","embeddable":true,"href":"https:\/\/carpetanegra.ferreterialaflorida.xyz\/cn\/wp-json\/wp\/v2\/product_tag?post=38942"}],"curies":[{"name":"wp","href":"https:\/\/api.w.org\/{rel}","templated":true}]}}