{"id":38950,"date":"2026-03-23T18:03:56","date_gmt":"2026-03-23T21:03:56","guid":{"rendered":"https:\/\/carpetanegra.ferreterialaflorida.xyz\/cn\/?post_type=product&#038;p=38950"},"modified":"2026-03-23T18:03:56","modified_gmt":"2026-03-23T21:03:56","slug":"soldador-de-plastico-kit-reparacion-paragolpes-argentec-sp75","status":"publish","type":"product","link":"https:\/\/carpetanegra.ferreterialaflorida.xyz\/cn\/producto\/soldador-de-plastico-kit-reparacion-paragolpes-argentec-sp75\/","title":{"rendered":"Soldador De Pl\u00e1stico Kit Reparaci\u00f3n Paragolpes Argentec Sp75"},"content":{"rendered":"<p>Soldador de Pl\u00e1stico SP75 Ideal para reparar todo tipo de pl\u00e1sticos: Paragolpes, Juguetes, Mesas, etc. Incluye Estuche con: 300 Grampas (6 variantes, ver foto) El m\u00e1s compacto y c\u00f3modo del mercado, ideal para trabajar en espacios reducidos e inc\u00f3modos donde no entran otras herramientas similares. Dise\u00f1ado y Fabricado en Argentina. CARACTER\u00cdSTICAS Potencia 75 Watts Voltaje Salida 0 &#8211; 4 V. Corriente Salida 0 &#8211; 22 a. Temperatura M\u00e1xima 400 Grados Alimentaci\u00f3n 220V Aumento R\u00e1pido de Temperatura Indicador con Iluminaci\u00f3n Led<\/p>\n<p>Ideal para reparar todo tipo de pl\u00e1sticos: Paragolpes, Juguetes, Mesas, etc.<\/p>\n<p>Incluye Estuche con: 300 Grampas (6 variantes, ver foto)<\/p>\n<p>El m\u00e1s compacto y c\u00f3modo del mercado, ideal para trabajar en espacio reducidos e inc\u00f3modos donde no entran otras herramientas similares.<\/p>\n<p>Dise\u00f1ado y Fabricado en Argentina.<\/p>\n<p>CARACTER\u00cdSTICAS<\/p>\n<p>Potencia 75 Watts<\/p>\n<p>Voltaje Salida 0 &#8211; 4 V.<\/p>\n<p>Corriente Salida 0 &#8211; 22 a.<\/p>\n<p>Temperatura M\u00e1xima 400 Grados<\/p>\n<p>Alimentaci\u00f3n 220V<\/p>\n<p>Aumento R\u00e1pido de Temperatura<\/p>\n<p>Indicador con Iluminaci\u00f3n Led<\/p>\n<p><iframe loading=\"lazy\" title=\"Argentec presenta Soldador de Pl\u00e1stico SP75, Usos y Ficha T\u00e9cnica.\" width=\"1290\" height=\"726\" src=\"https:\/\/www.youtube.com\/embed\/40D4mnZ_Ym0?feature=oembed\" frameborder=\"0\" allow=\"accelerometer; autoplay; clipboard-write; encrypted-media; gyroscope; picture-in-picture; web-share\" referrerpolicy=\"strict-origin-when-cross-origin\" allowfullscreen><\/iframe><\/p>\n","protected":false},"excerpt":{"rendered":"<p>Soldador de Pl\u00e1stico SP75 Ideal para reparar todo tipo de pl\u00e1sticos: Paragolpes, Juguetes, Mesas, etc. Incluye Estuche con: 300 Grampas (6 variantes, ver foto) El m\u00e1s compacto y c\u00f3modo del mercado, ideal para trabajar en espacios reducidos e inc\u00f3modos donde no entran otras herramientas similares. Dise\u00f1ado y Fabricado en Argentina. CARACTER\u00cdSTICAS Potencia 75 Watts Voltaje [&hellip;]<\/p>\n","protected":false},"featured_media":38954,"template":"","meta":{"_surecart_dashboard_logo_width":"180px","_surecart_dashboard_show_logo":true,"_surecart_dashboard_navigation_orders":true,"_surecart_dashboard_navigation_invoices":true,"_surecart_dashboard_navigation_subscriptions":true,"_surecart_dashboard_navigation_downloads":true,"_surecart_dashboard_navigation_billing":true,"_surecart_dashboard_navigation_account":true,"jetpack_publicize_message":"","jetpack_publicize_feature_enabled":true,"jetpack_social_post_already_shared":true,"jetpack_social_options":{"image_generator_settings":{"template":"highway","default_image_id":0,"font":"","enabled":false},"version":2}},"product_brand":[],"product_cat":[15],"product_tag":[],"class_list":{"0":"post-38950","1":"product","2":"type-product","3":"status-publish","4":"has-post-thumbnail","6":"product_cat-sin-categorizar","8":"first","9":"instock","10":"taxable","11":"shipping-taxable","12":"product-type-simple"},"aioseo_notices":[],"jetpack_publicize_connections":[],"jetpack_sharing_enabled":true,"jetpack_likes_enabled":true,"_links":{"self":[{"href":"https:\/\/carpetanegra.ferreterialaflorida.xyz\/cn\/wp-json\/wp\/v2\/product\/38950","targetHints":{"allow":["GET"]}}],"collection":[{"href":"https:\/\/carpetanegra.ferreterialaflorida.xyz\/cn\/wp-json\/wp\/v2\/product"}],"about":[{"href":"https:\/\/carpetanegra.ferreterialaflorida.xyz\/cn\/wp-json\/wp\/v2\/types\/product"}],"wp:featuredmedia":[{"embeddable":true,"href":"https:\/\/carpetanegra.ferreterialaflorida.xyz\/cn\/wp-json\/wp\/v2\/media\/38954"}],"wp:attachment":[{"href":"https:\/\/carpetanegra.ferreterialaflorida.xyz\/cn\/wp-json\/wp\/v2\/media?parent=38950"}],"wp:term":[{"taxonomy":"product_brand","embeddable":true,"href":"https:\/\/carpetanegra.ferreterialaflorida.xyz\/cn\/wp-json\/wp\/v2\/product_brand?post=38950"},{"taxonomy":"product_cat","embeddable":true,"href":"https:\/\/carpetanegra.ferreterialaflorida.xyz\/cn\/wp-json\/wp\/v2\/product_cat?post=38950"},{"taxonomy":"product_tag","embeddable":true,"href":"https:\/\/carpetanegra.ferreterialaflorida.xyz\/cn\/wp-json\/wp\/v2\/product_tag?post=38950"}],"curies":[{"name":"wp","href":"https:\/\/api.w.org\/{rel}","templated":true}]}}