{"id":38994,"date":"2026-03-24T13:47:13","date_gmt":"2026-03-24T16:47:13","guid":{"rendered":"https:\/\/carpetanegra.ferreterialaflorida.xyz\/cn\/?post_type=product&#038;p=38994"},"modified":"2026-03-24T13:47:14","modified_gmt":"2026-03-24T16:47:14","slug":"soporte-de-celular-para-parabrisas-de-auto-nisuta","status":"publish","type":"product","link":"https:\/\/carpetanegra.ferreterialaflorida.xyz\/cn\/producto\/soporte-de-celular-para-parabrisas-de-auto-nisuta\/","title":{"rendered":"Soporte de celular para parabrisas de auto &#8211; NISUTA"},"content":{"rendered":"<p>Caracter\u00edsticas<br \/>\n&#8211; Compatible con Smartphones de 3.5 a 6.3 pulgadas<br \/>\n&#8211; Dise\u00f1o triangular + Rotaci\u00f3n 360\u00ba<br \/>\n&#8211; No bloquea la l\u00ednea de visi\u00f3n y permite una correcta disipaci\u00f3n de calor para su Smartphone<br \/>\n&#8211; Fabricado en materiales ABS+PC<br \/>\n&#8211; F\u00e1cil utilizaci\u00f3n, solo con una mano<br \/>\n&#8211; NSSOCE6<\/p>\n","protected":false},"excerpt":{"rendered":"<p>Caracter\u00edsticas &#8211; Compatible con Smartphones de 3.5 a 6.3 pulgadas &#8211; Dise\u00f1o triangular + Rotaci\u00f3n 360\u00ba &#8211; No bloquea la l\u00ednea de visi\u00f3n y permite una correcta disipaci\u00f3n de calor para su Smartphone &#8211; Fabricado en materiales ABS+PC &#8211; F\u00e1cil utilizaci\u00f3n, solo con una mano &#8211; NSSOCE6<\/p>\n","protected":false},"featured_media":38996,"template":"","meta":{"_surecart_dashboard_logo_width":"180px","_surecart_dashboard_show_logo":true,"_surecart_dashboard_navigation_orders":true,"_surecart_dashboard_navigation_invoices":true,"_surecart_dashboard_navigation_subscriptions":true,"_surecart_dashboard_navigation_downloads":true,"_surecart_dashboard_navigation_billing":true,"_surecart_dashboard_navigation_account":true,"jetpack_publicize_message":"","jetpack_publicize_feature_enabled":true,"jetpack_social_post_already_shared":true,"jetpack_social_options":{"image_generator_settings":{"template":"highway","default_image_id":0,"font":"","enabled":false},"version":2}},"product_brand":[],"product_cat":[15],"product_tag":[],"class_list":{"0":"post-38994","1":"product","2":"type-product","3":"status-publish","4":"has-post-thumbnail","6":"product_cat-sin-categorizar","7":"product_shipping_class-standar","9":"first","10":"instock","11":"taxable","12":"shipping-taxable","13":"product-type-simple"},"aioseo_notices":[],"jetpack_publicize_connections":[],"jetpack_sharing_enabled":true,"jetpack_likes_enabled":true,"_links":{"self":[{"href":"https:\/\/carpetanegra.ferreterialaflorida.xyz\/cn\/wp-json\/wp\/v2\/product\/38994","targetHints":{"allow":["GET"]}}],"collection":[{"href":"https:\/\/carpetanegra.ferreterialaflorida.xyz\/cn\/wp-json\/wp\/v2\/product"}],"about":[{"href":"https:\/\/carpetanegra.ferreterialaflorida.xyz\/cn\/wp-json\/wp\/v2\/types\/product"}],"wp:featuredmedia":[{"embeddable":true,"href":"https:\/\/carpetanegra.ferreterialaflorida.xyz\/cn\/wp-json\/wp\/v2\/media\/38996"}],"wp:attachment":[{"href":"https:\/\/carpetanegra.ferreterialaflorida.xyz\/cn\/wp-json\/wp\/v2\/media?parent=38994"}],"wp:term":[{"taxonomy":"product_brand","embeddable":true,"href":"https:\/\/carpetanegra.ferreterialaflorida.xyz\/cn\/wp-json\/wp\/v2\/product_brand?post=38994"},{"taxonomy":"product_cat","embeddable":true,"href":"https:\/\/carpetanegra.ferreterialaflorida.xyz\/cn\/wp-json\/wp\/v2\/product_cat?post=38994"},{"taxonomy":"product_tag","embeddable":true,"href":"https:\/\/carpetanegra.ferreterialaflorida.xyz\/cn\/wp-json\/wp\/v2\/product_tag?post=38994"}],"curies":[{"name":"wp","href":"https:\/\/api.w.org\/{rel}","templated":true}]}}