{"id":39000,"date":"2026-03-24T13:52:55","date_gmt":"2026-03-24T16:52:55","guid":{"rendered":"https:\/\/carpetanegra.ferreterialaflorida.xyz\/cn\/?post_type=product&#038;p=39000"},"modified":"2026-03-24T13:52:55","modified_gmt":"2026-03-24T16:52:55","slug":"soporte-de-celular-para-parabrisas-y-ventilete-del-auto-nisuta","status":"publish","type":"product","link":"https:\/\/carpetanegra.ferreterialaflorida.xyz\/cn\/producto\/soporte-de-celular-para-parabrisas-y-ventilete-del-auto-nisuta\/","title":{"rendered":"Soporte de celular para parabrisas y ventilete del auto &#8211; NISUTA"},"content":{"rendered":"<p>Caracter\u00edsticas<br \/>\n&#8211; Permite montarlo en el parabrisas o ventilete del auto<br \/>\n&#8211; Rotaci\u00f3n 360\u00b0<br \/>\n&#8211; Altura total del soporte: 23CM<br \/>\n&#8211; Tama\u00f1o de la ventosa: 65mm<br \/>\n&#8211; Tama\u00f1o del brazo telesc\u00f3pico: 55-104mm<br \/>\n&#8211; El ajuste se extiende de 5cm a 9cm de ancho<br \/>\n-NSSOCE3<\/p>\n","protected":false},"excerpt":{"rendered":"<p>Caracter\u00edsticas &#8211; Permite montarlo en el parabrisas o ventilete del auto &#8211; Rotaci\u00f3n 360\u00b0 &#8211; Altura total del soporte: 23CM &#8211; Tama\u00f1o de la ventosa: 65mm &#8211; Tama\u00f1o del brazo telesc\u00f3pico: 55-104mm &#8211; El ajuste se extiende de 5cm a 9cm de ancho -NSSOCE3<\/p>\n","protected":false},"featured_media":39004,"template":"","meta":{"_surecart_dashboard_logo_width":"180px","_surecart_dashboard_show_logo":true,"_surecart_dashboard_navigation_orders":true,"_surecart_dashboard_navigation_invoices":true,"_surecart_dashboard_navigation_subscriptions":true,"_surecart_dashboard_navigation_downloads":true,"_surecart_dashboard_navigation_billing":true,"_surecart_dashboard_navigation_account":true,"jetpack_publicize_message":"","jetpack_publicize_feature_enabled":true,"jetpack_social_post_already_shared":true,"jetpack_social_options":{"image_generator_settings":{"template":"highway","default_image_id":0,"font":"","enabled":false},"version":2}},"product_brand":[],"product_cat":[15],"product_tag":[],"class_list":{"0":"post-39000","1":"product","2":"type-product","3":"status-publish","4":"has-post-thumbnail","6":"product_cat-sin-categorizar","7":"product_shipping_class-standar","9":"first","10":"instock","11":"taxable","12":"shipping-taxable","13":"product-type-simple"},"aioseo_notices":[],"jetpack_publicize_connections":[],"jetpack_sharing_enabled":true,"jetpack_likes_enabled":true,"_links":{"self":[{"href":"https:\/\/carpetanegra.ferreterialaflorida.xyz\/cn\/wp-json\/wp\/v2\/product\/39000","targetHints":{"allow":["GET"]}}],"collection":[{"href":"https:\/\/carpetanegra.ferreterialaflorida.xyz\/cn\/wp-json\/wp\/v2\/product"}],"about":[{"href":"https:\/\/carpetanegra.ferreterialaflorida.xyz\/cn\/wp-json\/wp\/v2\/types\/product"}],"wp:featuredmedia":[{"embeddable":true,"href":"https:\/\/carpetanegra.ferreterialaflorida.xyz\/cn\/wp-json\/wp\/v2\/media\/39004"}],"wp:attachment":[{"href":"https:\/\/carpetanegra.ferreterialaflorida.xyz\/cn\/wp-json\/wp\/v2\/media?parent=39000"}],"wp:term":[{"taxonomy":"product_brand","embeddable":true,"href":"https:\/\/carpetanegra.ferreterialaflorida.xyz\/cn\/wp-json\/wp\/v2\/product_brand?post=39000"},{"taxonomy":"product_cat","embeddable":true,"href":"https:\/\/carpetanegra.ferreterialaflorida.xyz\/cn\/wp-json\/wp\/v2\/product_cat?post=39000"},{"taxonomy":"product_tag","embeddable":true,"href":"https:\/\/carpetanegra.ferreterialaflorida.xyz\/cn\/wp-json\/wp\/v2\/product_tag?post=39000"}],"curies":[{"name":"wp","href":"https:\/\/api.w.org\/{rel}","templated":true}]}}