{"id":39006,"date":"2026-03-24T13:56:23","date_gmt":"2026-03-24T16:56:23","guid":{"rendered":"https:\/\/carpetanegra.ferreterialaflorida.xyz\/cn\/?post_type=product&#038;p=39006"},"modified":"2026-03-24T13:56:23","modified_gmt":"2026-03-24T16:56:23","slug":"soporte-de-celular-con-iman-para-parabrisas-de-auto-nisuta","status":"publish","type":"product","link":"https:\/\/carpetanegra.ferreterialaflorida.xyz\/cn\/producto\/soporte-de-celular-con-iman-para-parabrisas-de-auto-nisuta\/","title":{"rendered":"Soporte de celular con im\u00e1n para parabrisas de auto &#8211; NISUTA"},"content":{"rendered":"<p>Caracter\u00edsticas<br \/>\n&#8211; Im\u00e1n y base de gran resistencia<br \/>\n&#8211; Instalaci\u00f3n r\u00e1pida y sencilla<br \/>\n&#8211; Rotaci\u00f3n 360\u00ba para un mejor \u00e1ngulo de visi\u00f3n<br \/>\n&#8211; Uso universal: smartphones, reproductores de Mp3 entre otros dispositivos.<br \/>\n&#8211; Incluye dos accesorios para pegar en la parte trasera de su tel\u00e9fono<br \/>\n&#8211; NSSOCEM<\/p>\n","protected":false},"excerpt":{"rendered":"<p>Caracter\u00edsticas &#8211; Im\u00e1n y base de gran resistencia &#8211; Instalaci\u00f3n r\u00e1pida y sencilla &#8211; Rotaci\u00f3n 360\u00ba para un mejor \u00e1ngulo de visi\u00f3n &#8211; Uso universal: smartphones, reproductores de Mp3 entre otros dispositivos. &#8211; Incluye dos accesorios para pegar en la parte trasera de su tel\u00e9fono &#8211; NSSOCEM<\/p>\n","protected":false},"featured_media":39007,"template":"","meta":{"_surecart_dashboard_logo_width":"180px","_surecart_dashboard_show_logo":true,"_surecart_dashboard_navigation_orders":true,"_surecart_dashboard_navigation_invoices":true,"_surecart_dashboard_navigation_subscriptions":true,"_surecart_dashboard_navigation_downloads":true,"_surecart_dashboard_navigation_billing":true,"_surecart_dashboard_navigation_account":true,"jetpack_publicize_message":"","jetpack_publicize_feature_enabled":true,"jetpack_social_post_already_shared":true,"jetpack_social_options":{"image_generator_settings":{"template":"highway","default_image_id":0,"font":"","enabled":false},"version":2}},"product_brand":[],"product_cat":[15],"product_tag":[],"class_list":{"0":"post-39006","1":"product","2":"type-product","3":"status-publish","4":"has-post-thumbnail","6":"product_cat-sin-categorizar","8":"first","9":"instock","10":"taxable","11":"shipping-taxable","12":"product-type-simple"},"aioseo_notices":[],"jetpack_publicize_connections":[],"jetpack_sharing_enabled":true,"jetpack_likes_enabled":true,"_links":{"self":[{"href":"https:\/\/carpetanegra.ferreterialaflorida.xyz\/cn\/wp-json\/wp\/v2\/product\/39006","targetHints":{"allow":["GET"]}}],"collection":[{"href":"https:\/\/carpetanegra.ferreterialaflorida.xyz\/cn\/wp-json\/wp\/v2\/product"}],"about":[{"href":"https:\/\/carpetanegra.ferreterialaflorida.xyz\/cn\/wp-json\/wp\/v2\/types\/product"}],"wp:featuredmedia":[{"embeddable":true,"href":"https:\/\/carpetanegra.ferreterialaflorida.xyz\/cn\/wp-json\/wp\/v2\/media\/39007"}],"wp:attachment":[{"href":"https:\/\/carpetanegra.ferreterialaflorida.xyz\/cn\/wp-json\/wp\/v2\/media?parent=39006"}],"wp:term":[{"taxonomy":"product_brand","embeddable":true,"href":"https:\/\/carpetanegra.ferreterialaflorida.xyz\/cn\/wp-json\/wp\/v2\/product_brand?post=39006"},{"taxonomy":"product_cat","embeddable":true,"href":"https:\/\/carpetanegra.ferreterialaflorida.xyz\/cn\/wp-json\/wp\/v2\/product_cat?post=39006"},{"taxonomy":"product_tag","embeddable":true,"href":"https:\/\/carpetanegra.ferreterialaflorida.xyz\/cn\/wp-json\/wp\/v2\/product_tag?post=39006"}],"curies":[{"name":"wp","href":"https:\/\/api.w.org\/{rel}","templated":true}]}}