{"id":39018,"date":"2026-03-26T16:35:19","date_gmt":"2026-03-26T19:35:19","guid":{"rendered":"https:\/\/carpetanegra.ferreterialaflorida.xyz\/cn\/?post_type=product&#038;p=39018"},"modified":"2026-03-26T16:35:20","modified_gmt":"2026-03-26T19:35:20","slug":"soporte-de-brazo-flexible-para-celular-o-tablet-nisuta","status":"publish","type":"product","link":"https:\/\/carpetanegra.ferreterialaflorida.xyz\/cn\/producto\/soporte-de-brazo-flexible-para-celular-o-tablet-nisuta\/","title":{"rendered":"Soporte de brazo flexible para celular o tablet &#8211; NISUTA"},"content":{"rendered":"<p>Caracter\u00edsticas<br \/>\n&#8211; Soporte flexible para usar en la mayor\u00eda de tel\u00e9fonos y tablets<br \/>\n&#8211; Cuello flexible con rotaci\u00f3n ajustable de 360\u00b0<br \/>\n&#8211; Material: Aleaci\u00f3n de aluminio y magnesio+ABS+Plastico<br \/>\n&#8211; Brazo flexible largo de 55cm<br \/>\n&#8211; F\u00e1cil para ajustar y soltar<br \/>\n&#8211; Compatible con dispositivos de hasta 10.1\u00a8 (extendible hasta 18cm)<br \/>\nNSSOCEME5<br \/>\n<iframe loading=\"lazy\" title=\"NSSOCEME5  Soporte de brazo flexible para celular o tablet\" width=\"1290\" height=\"726\" src=\"https:\/\/www.youtube.com\/embed\/8EgPrCntSq4?feature=oembed\" frameborder=\"0\" allow=\"accelerometer; autoplay; clipboard-write; encrypted-media; gyroscope; picture-in-picture; web-share\" referrerpolicy=\"strict-origin-when-cross-origin\" allowfullscreen><\/iframe><\/p>\n<p><iframe loading=\"lazy\" title=\"Ideal para grabar tus videos o mirar tus series favoritas\u2728 Soporte para celular NSSOCEME5 #celular\" width=\"1290\" height=\"726\" src=\"https:\/\/www.youtube.com\/embed\/hIUI2tOqRiU?feature=oembed\" frameborder=\"0\" allow=\"accelerometer; autoplay; clipboard-write; encrypted-media; gyroscope; picture-in-picture; web-share\" referrerpolicy=\"strict-origin-when-cross-origin\" allowfullscreen><\/iframe><\/p>\n","protected":false},"excerpt":{"rendered":"<p>Caracter\u00edsticas &#8211; Soporte flexible para usar en la mayor\u00eda de tel\u00e9fonos y tablets &#8211; Cuello flexible con rotaci\u00f3n ajustable de 360\u00b0 &#8211; Material: Aleaci\u00f3n de aluminio y magnesio+ABS+Plastico &#8211; Brazo flexible largo de 55cm &#8211; F\u00e1cil para ajustar y soltar &#8211; Compatible con dispositivos de hasta 10.1\u00a8 (extendible hasta 18cm) NSSOCEME5<\/p>\n","protected":false},"featured_media":39026,"template":"","meta":{"_surecart_dashboard_logo_width":"180px","_surecart_dashboard_show_logo":true,"_surecart_dashboard_navigation_orders":true,"_surecart_dashboard_navigation_invoices":true,"_surecart_dashboard_navigation_subscriptions":true,"_surecart_dashboard_navigation_downloads":true,"_surecart_dashboard_navigation_billing":true,"_surecart_dashboard_navigation_account":true,"jetpack_publicize_message":"","jetpack_publicize_feature_enabled":true,"jetpack_social_post_already_shared":true,"jetpack_social_options":{"image_generator_settings":{"template":"highway","default_image_id":0,"font":"","enabled":false},"version":2}},"product_brand":[],"product_cat":[15],"product_tag":[],"class_list":{"0":"post-39018","1":"product","2":"type-product","3":"status-publish","4":"has-post-thumbnail","6":"product_cat-sin-categorizar","7":"product_shipping_class-standar","9":"first","10":"instock","11":"taxable","12":"shipping-taxable","13":"product-type-simple"},"aioseo_notices":[],"jetpack_publicize_connections":[],"jetpack_sharing_enabled":true,"jetpack_likes_enabled":true,"_links":{"self":[{"href":"https:\/\/carpetanegra.ferreterialaflorida.xyz\/cn\/wp-json\/wp\/v2\/product\/39018","targetHints":{"allow":["GET"]}}],"collection":[{"href":"https:\/\/carpetanegra.ferreterialaflorida.xyz\/cn\/wp-json\/wp\/v2\/product"}],"about":[{"href":"https:\/\/carpetanegra.ferreterialaflorida.xyz\/cn\/wp-json\/wp\/v2\/types\/product"}],"wp:featuredmedia":[{"embeddable":true,"href":"https:\/\/carpetanegra.ferreterialaflorida.xyz\/cn\/wp-json\/wp\/v2\/media\/39026"}],"wp:attachment":[{"href":"https:\/\/carpetanegra.ferreterialaflorida.xyz\/cn\/wp-json\/wp\/v2\/media?parent=39018"}],"wp:term":[{"taxonomy":"product_brand","embeddable":true,"href":"https:\/\/carpetanegra.ferreterialaflorida.xyz\/cn\/wp-json\/wp\/v2\/product_brand?post=39018"},{"taxonomy":"product_cat","embeddable":true,"href":"https:\/\/carpetanegra.ferreterialaflorida.xyz\/cn\/wp-json\/wp\/v2\/product_cat?post=39018"},{"taxonomy":"product_tag","embeddable":true,"href":"https:\/\/carpetanegra.ferreterialaflorida.xyz\/cn\/wp-json\/wp\/v2\/product_tag?post=39018"}],"curies":[{"name":"wp","href":"https:\/\/api.w.org\/{rel}","templated":true}]}}