{"id":39041,"date":"2026-03-26T17:16:57","date_gmt":"2026-03-26T20:16:57","guid":{"rendered":"https:\/\/carpetanegra.ferreterialaflorida.xyz\/cn\/?post_type=product&#038;p=39041"},"modified":"2026-03-26T17:16:57","modified_gmt":"2026-03-26T20:16:57","slug":"soporte-de-acero-plegable-y-rotatorio-para-celular-nisuta","status":"publish","type":"product","link":"https:\/\/carpetanegra.ferreterialaflorida.xyz\/cn\/producto\/soporte-de-acero-plegable-y-rotatorio-para-celular-nisuta\/","title":{"rendered":"Soporte de acero plegable y rotatorio para celular &#8211; NISUTA"},"content":{"rendered":"<p>Caracter\u00edsticas<br \/>\n&#8211; Compatible con todos los smartphones<br \/>\n&#8211; Material: Acero<br \/>\n&#8211; Permite ajustar la altura y el \u00e1ngulo de inclinaci\u00f3n<br \/>\n&#8211; Permite rotar la base 360\u00b0<br \/>\n&#8211; Permite plegarlo para transportarlo f\u00e1cilmente<br \/>\n&#8211; Tama\u00f1o 9&#215;10,4&#215;3,3cm (plegada)<br \/>\n&#8211; NSSOCER2<\/p>\n","protected":false},"excerpt":{"rendered":"<p>Caracter\u00edsticas &#8211; Compatible con todos los smartphones &#8211; Material: Acero &#8211; Permite ajustar la altura y el \u00e1ngulo de inclinaci\u00f3n &#8211; Permite rotar la base 360\u00b0 &#8211; Permite plegarlo para transportarlo f\u00e1cilmente &#8211; Tama\u00f1o 9&#215;10,4&#215;3,3cm (plegada) &#8211; NSSOCER2<\/p>\n","protected":false},"featured_media":39047,"template":"","meta":{"_surecart_dashboard_logo_width":"180px","_surecart_dashboard_show_logo":true,"_surecart_dashboard_navigation_orders":true,"_surecart_dashboard_navigation_invoices":true,"_surecart_dashboard_navigation_subscriptions":true,"_surecart_dashboard_navigation_downloads":true,"_surecart_dashboard_navigation_billing":true,"_surecart_dashboard_navigation_account":true,"jetpack_publicize_message":"","jetpack_publicize_feature_enabled":true,"jetpack_social_post_already_shared":true,"jetpack_social_options":{"image_generator_settings":{"template":"highway","default_image_id":0,"font":"","enabled":false},"version":2}},"product_brand":[],"product_cat":[15],"product_tag":[],"class_list":{"0":"post-39041","1":"product","2":"type-product","3":"status-publish","4":"has-post-thumbnail","6":"product_cat-sin-categorizar","8":"first","9":"instock","10":"taxable","11":"shipping-taxable","12":"product-type-simple"},"aioseo_notices":[],"jetpack_publicize_connections":[],"jetpack_sharing_enabled":true,"jetpack_likes_enabled":true,"_links":{"self":[{"href":"https:\/\/carpetanegra.ferreterialaflorida.xyz\/cn\/wp-json\/wp\/v2\/product\/39041","targetHints":{"allow":["GET"]}}],"collection":[{"href":"https:\/\/carpetanegra.ferreterialaflorida.xyz\/cn\/wp-json\/wp\/v2\/product"}],"about":[{"href":"https:\/\/carpetanegra.ferreterialaflorida.xyz\/cn\/wp-json\/wp\/v2\/types\/product"}],"wp:featuredmedia":[{"embeddable":true,"href":"https:\/\/carpetanegra.ferreterialaflorida.xyz\/cn\/wp-json\/wp\/v2\/media\/39047"}],"wp:attachment":[{"href":"https:\/\/carpetanegra.ferreterialaflorida.xyz\/cn\/wp-json\/wp\/v2\/media?parent=39041"}],"wp:term":[{"taxonomy":"product_brand","embeddable":true,"href":"https:\/\/carpetanegra.ferreterialaflorida.xyz\/cn\/wp-json\/wp\/v2\/product_brand?post=39041"},{"taxonomy":"product_cat","embeddable":true,"href":"https:\/\/carpetanegra.ferreterialaflorida.xyz\/cn\/wp-json\/wp\/v2\/product_cat?post=39041"},{"taxonomy":"product_tag","embeddable":true,"href":"https:\/\/carpetanegra.ferreterialaflorida.xyz\/cn\/wp-json\/wp\/v2\/product_tag?post=39041"}],"curies":[{"name":"wp","href":"https:\/\/api.w.org\/{rel}","templated":true}]}}