{"id":39048,"date":"2026-03-26T17:21:07","date_gmt":"2026-03-26T20:21:07","guid":{"rendered":"https:\/\/carpetanegra.ferreterialaflorida.xyz\/cn\/?post_type=product&#038;p=39048"},"modified":"2026-03-26T17:21:07","modified_gmt":"2026-03-26T20:21:07","slug":"soporte-para-celular-en-bicicleta-nisuta","status":"publish","type":"product","link":"https:\/\/carpetanegra.ferreterialaflorida.xyz\/cn\/producto\/soporte-para-celular-en-bicicleta-nisuta\/","title":{"rendered":"Soporte para celular en bicicleta &#8211; NISUTA"},"content":{"rendered":"<p>Caracter\u00edsticas<br \/>\n&#8211; Compatible con la mayor\u00eda de los smartphones<br \/>\n&#8211; Permite ajustar el tama\u00f1o entre 100mm y 180mm<br \/>\n&#8211; Permite montarlo en ca\u00f1os de entre 18mm y 24mm de di\u00e1metro<br \/>\n&#8211; Ideal para montarlo en el manubrio de una bicicleta<br \/>\n&#8211; NSSOCEBI<\/p>\n<p><iframe loading=\"lazy\" title=\"Soporte para celular en bicicleta NSSOCEBI de Nisuta\" width=\"1290\" height=\"726\" src=\"https:\/\/www.youtube.com\/embed\/BhXCxAWWF7M?feature=oembed\" frameborder=\"0\" allow=\"accelerometer; autoplay; clipboard-write; encrypted-media; gyroscope; picture-in-picture; web-share\" referrerpolicy=\"strict-origin-when-cross-origin\" allowfullscreen><\/iframe><\/p>\n","protected":false},"excerpt":{"rendered":"<p>Caracter\u00edsticas &#8211; Compatible con la mayor\u00eda de los smartphones &#8211; Permite ajustar el tama\u00f1o entre 100mm y 180mm &#8211; Permite montarlo en ca\u00f1os de entre 18mm y 24mm de di\u00e1metro &#8211; Ideal para montarlo en el manubrio de una bicicleta &#8211; NSSOCEBI<\/p>\n","protected":false},"featured_media":39053,"template":"","meta":{"_surecart_dashboard_logo_width":"180px","_surecart_dashboard_show_logo":true,"_surecart_dashboard_navigation_orders":true,"_surecart_dashboard_navigation_invoices":true,"_surecart_dashboard_navigation_subscriptions":true,"_surecart_dashboard_navigation_downloads":true,"_surecart_dashboard_navigation_billing":true,"_surecart_dashboard_navigation_account":true,"jetpack_publicize_message":"","jetpack_publicize_feature_enabled":true,"jetpack_social_post_already_shared":true,"jetpack_social_options":{"image_generator_settings":{"template":"highway","default_image_id":0,"font":"","enabled":false},"version":2}},"product_brand":[],"product_cat":[15],"product_tag":[],"class_list":{"0":"post-39048","1":"product","2":"type-product","3":"status-publish","4":"has-post-thumbnail","6":"product_cat-sin-categorizar","8":"first","9":"instock","10":"taxable","11":"shipping-taxable","12":"product-type-simple"},"aioseo_notices":[],"jetpack_publicize_connections":[],"jetpack_sharing_enabled":true,"jetpack_likes_enabled":true,"_links":{"self":[{"href":"https:\/\/carpetanegra.ferreterialaflorida.xyz\/cn\/wp-json\/wp\/v2\/product\/39048","targetHints":{"allow":["GET"]}}],"collection":[{"href":"https:\/\/carpetanegra.ferreterialaflorida.xyz\/cn\/wp-json\/wp\/v2\/product"}],"about":[{"href":"https:\/\/carpetanegra.ferreterialaflorida.xyz\/cn\/wp-json\/wp\/v2\/types\/product"}],"wp:featuredmedia":[{"embeddable":true,"href":"https:\/\/carpetanegra.ferreterialaflorida.xyz\/cn\/wp-json\/wp\/v2\/media\/39053"}],"wp:attachment":[{"href":"https:\/\/carpetanegra.ferreterialaflorida.xyz\/cn\/wp-json\/wp\/v2\/media?parent=39048"}],"wp:term":[{"taxonomy":"product_brand","embeddable":true,"href":"https:\/\/carpetanegra.ferreterialaflorida.xyz\/cn\/wp-json\/wp\/v2\/product_brand?post=39048"},{"taxonomy":"product_cat","embeddable":true,"href":"https:\/\/carpetanegra.ferreterialaflorida.xyz\/cn\/wp-json\/wp\/v2\/product_cat?post=39048"},{"taxonomy":"product_tag","embeddable":true,"href":"https:\/\/carpetanegra.ferreterialaflorida.xyz\/cn\/wp-json\/wp\/v2\/product_tag?post=39048"}],"curies":[{"name":"wp","href":"https:\/\/api.w.org\/{rel}","templated":true}]}}