{"id":39062,"date":"2026-03-26T17:33:01","date_gmt":"2026-03-26T20:33:01","guid":{"rendered":"https:\/\/carpetanegra.ferreterialaflorida.xyz\/cn\/?post_type=product&#038;p=39062"},"modified":"2026-03-26T17:33:01","modified_gmt":"2026-03-26T20:33:01","slug":"correa-para-celular-de-30cm-y-7mm-ajustable-con-ganchos-reforzados","status":"publish","type":"product","link":"https:\/\/carpetanegra.ferreterialaflorida.xyz\/cn\/producto\/correa-para-celular-de-30cm-y-7mm-ajustable-con-ganchos-reforzados\/","title":{"rendered":"Correa para celular de 30cm y 7mm ajustable, con ganchos reforzados"},"content":{"rendered":"<p>Caracter\u00edsticas<br \/>\n&#8211; Longitud: 30cm<br \/>\n&#8211; Di\u00e1metro: 7mm<br \/>\n&#8211; Material: terileno+aleaci\u00f3n<br \/>\n&#8211; De dise\u00f1o robusto<br \/>\n&#8211; De longitud ajustable<br \/>\n&#8211; Con herrajes reforzados<br \/>\n&#8211; Incluye accesorio para sujetar el celular<br \/>\n&#8211; Disponible en diversos colores<br \/>\n&#8211; NSCOCEMA<\/p>\n","protected":false},"excerpt":{"rendered":"<p>Caracter\u00edsticas &#8211; Longitud: 30cm &#8211; Di\u00e1metro: 7mm &#8211; Material: terileno+aleaci\u00f3n &#8211; De dise\u00f1o robusto &#8211; De longitud ajustable &#8211; Con herrajes reforzados &#8211; Incluye accesorio para sujetar el celular &#8211; Disponible en diversos colores &#8211; NSCOCEMA<\/p>\n","protected":false},"featured_media":39066,"template":"","meta":{"_surecart_dashboard_logo_width":"180px","_surecart_dashboard_show_logo":true,"_surecart_dashboard_navigation_orders":true,"_surecart_dashboard_navigation_invoices":true,"_surecart_dashboard_navigation_subscriptions":true,"_surecart_dashboard_navigation_downloads":true,"_surecart_dashboard_navigation_billing":true,"_surecart_dashboard_navigation_account":true,"jetpack_publicize_message":"","jetpack_publicize_feature_enabled":true,"jetpack_social_post_already_shared":true,"jetpack_social_options":{"image_generator_settings":{"template":"highway","default_image_id":0,"font":"","enabled":false},"version":2}},"product_brand":[],"product_cat":[15],"product_tag":[],"class_list":{"0":"post-39062","1":"product","2":"type-product","3":"status-publish","4":"has-post-thumbnail","6":"product_cat-sin-categorizar","7":"product_shipping_class-standar","9":"first","10":"instock","11":"taxable","12":"shipping-taxable","13":"product-type-simple"},"aioseo_notices":[],"jetpack_publicize_connections":[],"jetpack_sharing_enabled":true,"jetpack_likes_enabled":true,"_links":{"self":[{"href":"https:\/\/carpetanegra.ferreterialaflorida.xyz\/cn\/wp-json\/wp\/v2\/product\/39062","targetHints":{"allow":["GET"]}}],"collection":[{"href":"https:\/\/carpetanegra.ferreterialaflorida.xyz\/cn\/wp-json\/wp\/v2\/product"}],"about":[{"href":"https:\/\/carpetanegra.ferreterialaflorida.xyz\/cn\/wp-json\/wp\/v2\/types\/product"}],"wp:featuredmedia":[{"embeddable":true,"href":"https:\/\/carpetanegra.ferreterialaflorida.xyz\/cn\/wp-json\/wp\/v2\/media\/39066"}],"wp:attachment":[{"href":"https:\/\/carpetanegra.ferreterialaflorida.xyz\/cn\/wp-json\/wp\/v2\/media?parent=39062"}],"wp:term":[{"taxonomy":"product_brand","embeddable":true,"href":"https:\/\/carpetanegra.ferreterialaflorida.xyz\/cn\/wp-json\/wp\/v2\/product_brand?post=39062"},{"taxonomy":"product_cat","embeddable":true,"href":"https:\/\/carpetanegra.ferreterialaflorida.xyz\/cn\/wp-json\/wp\/v2\/product_cat?post=39062"},{"taxonomy":"product_tag","embeddable":true,"href":"https:\/\/carpetanegra.ferreterialaflorida.xyz\/cn\/wp-json\/wp\/v2\/product_tag?post=39062"}],"curies":[{"name":"wp","href":"https:\/\/api.w.org\/{rel}","templated":true}]}}