{"id":39073,"date":"2026-03-26T17:41:24","date_gmt":"2026-03-26T20:41:24","guid":{"rendered":"https:\/\/carpetanegra.ferreterialaflorida.xyz\/cn\/?post_type=product&#038;p=39073"},"modified":"2026-03-26T17:41:24","modified_gmt":"2026-03-26T20:41:24","slug":"raqueta-matamosquitos-rotatoria-con-base-y-luz-trampa-uv-de-3-luces","status":"publish","type":"product","link":"https:\/\/carpetanegra.ferreterialaflorida.xyz\/cn\/producto\/raqueta-matamosquitos-rotatoria-con-base-y-luz-trampa-uv-de-3-luces\/","title":{"rendered":"Raqueta matamosquitos rotatoria con base y luz trampa UV de 3 luces"},"content":{"rendered":"<p>Caracter\u00edsticas<br \/>\n&#8211; Permite matar insectos mediante una descarga el\u00e9ctrica, sin ensuciar superficies, de manera r\u00e1pida y divertida<br \/>\n&#8211; Multifunci\u00f3n: adem\u00e1s del uso normal, incluye una base para poder dejarla con la luz encendida matando mosquitos autom\u00e1ticamente<br \/>\n&#8211; Inofensiva: la raqueta da choques el\u00e9ctricos que son fatales para los mosquitos, pero es inofensiva para los humanos, incluso cuando por accidente se toca la malla. Aun as\u00ed, no se recomienda tocarla<br \/>\n&#8211; Permite rotar 180\u00ba la parte superior para transportarla y colocarla fija en diferentes posiciones<br \/>\n&#8211; Voltaje de salida 3500V<br \/>\n&#8211; Malla de 3 capas<br \/>\n&#8211; Bater\u00eda de litio recargable 3.7V 1200 MAH<br \/>\n&#8211; Incluye l\u00e1mpara trampa UV de 3 luces<br \/>\n&#8211; Incluye cable USB C de 80cm para recarga<br \/>\n&#8211; Incluye base pl\u00e1stica<br \/>\n&#8211; NSRAEMIC<\/p>\n","protected":false},"excerpt":{"rendered":"<p>Caracter\u00edsticas &#8211; Permite matar insectos mediante una descarga el\u00e9ctrica, sin ensuciar superficies, de manera r\u00e1pida y divertida &#8211; Multifunci\u00f3n: adem\u00e1s del uso normal, incluye una base para poder dejarla con la luz encendida matando mosquitos autom\u00e1ticamente &#8211; Inofensiva: la raqueta da choques el\u00e9ctricos que son fatales para los mosquitos, pero es inofensiva para los humanos, [&hellip;]<\/p>\n","protected":false},"featured_media":39077,"template":"","meta":{"_surecart_dashboard_logo_width":"180px","_surecart_dashboard_show_logo":true,"_surecart_dashboard_navigation_orders":true,"_surecart_dashboard_navigation_invoices":true,"_surecart_dashboard_navigation_subscriptions":true,"_surecart_dashboard_navigation_downloads":true,"_surecart_dashboard_navigation_billing":true,"_surecart_dashboard_navigation_account":true,"jetpack_publicize_message":"","jetpack_publicize_feature_enabled":true,"jetpack_social_post_already_shared":true,"jetpack_social_options":{"image_generator_settings":{"template":"highway","default_image_id":0,"font":"","enabled":false},"version":2}},"product_brand":[],"product_cat":[15],"product_tag":[],"class_list":{"0":"post-39073","1":"product","2":"type-product","3":"status-publish","4":"has-post-thumbnail","6":"product_cat-sin-categorizar","7":"product_shipping_class-standar","9":"first","10":"instock","11":"taxable","12":"shipping-taxable","13":"product-type-simple"},"aioseo_notices":[],"jetpack_publicize_connections":[],"jetpack_sharing_enabled":true,"jetpack_likes_enabled":true,"_links":{"self":[{"href":"https:\/\/carpetanegra.ferreterialaflorida.xyz\/cn\/wp-json\/wp\/v2\/product\/39073","targetHints":{"allow":["GET"]}}],"collection":[{"href":"https:\/\/carpetanegra.ferreterialaflorida.xyz\/cn\/wp-json\/wp\/v2\/product"}],"about":[{"href":"https:\/\/carpetanegra.ferreterialaflorida.xyz\/cn\/wp-json\/wp\/v2\/types\/product"}],"wp:featuredmedia":[{"embeddable":true,"href":"https:\/\/carpetanegra.ferreterialaflorida.xyz\/cn\/wp-json\/wp\/v2\/media\/39077"}],"wp:attachment":[{"href":"https:\/\/carpetanegra.ferreterialaflorida.xyz\/cn\/wp-json\/wp\/v2\/media?parent=39073"}],"wp:term":[{"taxonomy":"product_brand","embeddable":true,"href":"https:\/\/carpetanegra.ferreterialaflorida.xyz\/cn\/wp-json\/wp\/v2\/product_brand?post=39073"},{"taxonomy":"product_cat","embeddable":true,"href":"https:\/\/carpetanegra.ferreterialaflorida.xyz\/cn\/wp-json\/wp\/v2\/product_cat?post=39073"},{"taxonomy":"product_tag","embeddable":true,"href":"https:\/\/carpetanegra.ferreterialaflorida.xyz\/cn\/wp-json\/wp\/v2\/product_tag?post=39073"}],"curies":[{"name":"wp","href":"https:\/\/api.w.org\/{rel}","templated":true}]}}