{"id":4455,"date":"2020-10-25T21:36:37","date_gmt":"2020-10-26T00:36:37","guid":{"rendered":"http:\/\/carpetanegra.ferreterialaflorida.xyz\/cn\/producto\/gamma-jet-155-50-150-a-corriente-a-3465g\/"},"modified":"2026-03-21T10:11:54","modified_gmt":"2026-03-21T13:11:54","slug":"gamma-jet-155-50-150-a-corriente-a-3465g","status":"publish","type":"product","link":"https:\/\/carpetanegra.ferreterialaflorida.xyz\/cn\/producto\/gamma-jet-155-50-150-a-corriente-a-3465g\/","title":{"rendered":"GAMMA JET 155  50 &#8211; 150 A | CORRIENTE A [3465G]"},"content":{"rendered":"<p>GAMMA &#8211; SOLDADORA JET 155 &#8211; G3465AR<\/p>\n<p>Monof\u00e1sica, alimentaci\u00f3n 220 VCA &#8211; 50HZ, corriente 50 &#8211; 150 A, tensi\u00f3n 50 a 20v \/ 150 a 26v, di\u00e1metro electrodos 1,6 &#8211; 2,5 mm, salida alterna.<\/p>\n<p>Regulaci\u00f3n por n\u00facleo desplazable y bobinados de aluminio, para electrodos revestidos. Protector t\u00e9rmico y ventilaci\u00f3n forzada.<\/p>\n<p>Peso 14 Kg<\/p>\n","protected":false},"excerpt":{"rendered":"<p>COD17100340<\/p>\n","protected":false},"featured_media":38105,"template":"","meta":{"_surecart_dashboard_logo_width":"180px","_surecart_dashboard_show_logo":true,"_surecart_dashboard_navigation_orders":true,"_surecart_dashboard_navigation_invoices":true,"_surecart_dashboard_navigation_subscriptions":true,"_surecart_dashboard_navigation_downloads":true,"_surecart_dashboard_navigation_billing":true,"_surecart_dashboard_navigation_account":true,"jetpack_publicize_message":"","jetpack_publicize_feature_enabled":true,"jetpack_social_post_already_shared":false,"jetpack_social_options":{"image_generator_settings":{"template":"highway","default_image_id":0,"font":"","enabled":false},"version":2}},"product_brand":[],"product_cat":[723],"product_tag":[],"class_list":{"0":"post-4455","1":"product","2":"type-product","3":"status-publish","4":"has-post-thumbnail","6":"product_cat-gamma-ferreteria","8":"first","9":"instock","10":"taxable","11":"shipping-taxable","12":"purchasable","13":"product-type-simple"},"aioseo_notices":[],"jetpack_publicize_connections":[],"jetpack_sharing_enabled":true,"jetpack_likes_enabled":true,"_links":{"self":[{"href":"https:\/\/carpetanegra.ferreterialaflorida.xyz\/cn\/wp-json\/wp\/v2\/product\/4455","targetHints":{"allow":["GET"]}}],"collection":[{"href":"https:\/\/carpetanegra.ferreterialaflorida.xyz\/cn\/wp-json\/wp\/v2\/product"}],"about":[{"href":"https:\/\/carpetanegra.ferreterialaflorida.xyz\/cn\/wp-json\/wp\/v2\/types\/product"}],"wp:featuredmedia":[{"embeddable":true,"href":"https:\/\/carpetanegra.ferreterialaflorida.xyz\/cn\/wp-json\/wp\/v2\/media\/38105"}],"wp:attachment":[{"href":"https:\/\/carpetanegra.ferreterialaflorida.xyz\/cn\/wp-json\/wp\/v2\/media?parent=4455"}],"wp:term":[{"taxonomy":"product_brand","embeddable":true,"href":"https:\/\/carpetanegra.ferreterialaflorida.xyz\/cn\/wp-json\/wp\/v2\/product_brand?post=4455"},{"taxonomy":"product_cat","embeddable":true,"href":"https:\/\/carpetanegra.ferreterialaflorida.xyz\/cn\/wp-json\/wp\/v2\/product_cat?post=4455"},{"taxonomy":"product_tag","embeddable":true,"href":"https:\/\/carpetanegra.ferreterialaflorida.xyz\/cn\/wp-json\/wp\/v2\/product_tag?post=4455"}],"curies":[{"name":"wp","href":"https:\/\/api.w.org\/{rel}","templated":true}]}}