{"id":4490,"date":"2020-10-25T21:36:53","date_gmt":"2020-10-26T00:36:53","guid":{"rendered":"http:\/\/carpetanegra.ferreterialaflorida.xyz\/cn\/producto\/gamma-equipo-para-pintar-a-soplete-900-g2822\/"},"modified":"2026-04-06T18:09:49","modified_gmt":"2026-04-06T21:09:49","slug":"gamma-equipo-para-pintar-a-soplete-900-g2822","status":"publish","type":"product","link":"https:\/\/carpetanegra.ferreterialaflorida.xyz\/cn\/producto\/gamma-equipo-para-pintar-a-soplete-900-g2822\/","title":{"rendered":"GAMMA EQUIPO PARA PINTAR A SOPLETE  900 [G2822]"},"content":{"rendered":"<p>Caracteristicas<br \/>\nEste producto est\u00e1 compuesto por un compresor \u2013 soplador impulsado por un motor monof\u00e1sico de 900 W. Provisto con una manguera y una pistola de calor para ser empleado usando una gran variedad de productos pulverizantes , brindando terminaciones de alta calidad. F\u00e1cilmente transportable, de r\u00e1pida limpieza y cambio de pintura. Con empu\u00f1adura de transporte para mayor comodidad. Tres modos de rociado: vertical, horizontal y redondo.Permite obtener resultados uniformes con un acabado profesional, sin derrochar, sin manchar ni gotear pintura por todas partes.<\/p>\n<p>Usos<br \/>\nUsos\tDe uso dom\u00e9stico. Este equipo se puede utilizar con: pinturas con base solvente y base agua, lacas, imprimaciones, pinturas de dos componentes, selladores, anti \u00f3xidos y selladores para madera-preservantes.<\/p>\n<p>Datos t\u00e9cnicos<br \/>\nTensi\u00f3n\t220 VCA 50 Hz Monof\u00e1sica<br \/>\nPotencia de entrada\t900 W<br \/>\nCapacidad del vaso\t700 ML<br \/>\nViscosidad m\u00e1xima\t90 Din\/seg<br \/>\nCaudal m\u00e1ximo\t800 mL\/min<br \/>\nTobera\t\u00d8 2,6 mm<br \/>\nLargo manguera\t1,8 m<br \/>\nAislaci\u00f3n\tClase II<br \/>\nPeso\t2,8 Kg<br \/>\nAccesorios\t&#8212;<\/p>\n","protected":false},"excerpt":{"rendered":"<p>COD17100980 C.Barr: 7797506013513<\/p>\n","protected":false},"featured_media":39301,"template":"","meta":{"_surecart_dashboard_logo_width":"180px","_surecart_dashboard_show_logo":true,"_surecart_dashboard_navigation_orders":true,"_surecart_dashboard_navigation_invoices":true,"_surecart_dashboard_navigation_subscriptions":true,"_surecart_dashboard_navigation_downloads":true,"_surecart_dashboard_navigation_billing":true,"_surecart_dashboard_navigation_account":true,"jetpack_publicize_message":"","jetpack_publicize_feature_enabled":true,"jetpack_social_post_already_shared":false,"jetpack_social_options":{"image_generator_settings":{"template":"highway","default_image_id":0,"font":"","enabled":false},"version":2}},"product_brand":[],"product_cat":[723],"product_tag":[],"class_list":{"0":"post-4490","1":"product","2":"type-product","3":"status-publish","4":"has-post-thumbnail","6":"product_cat-gamma-ferreteria","8":"first","9":"instock","10":"taxable","11":"shipping-taxable","12":"purchasable","13":"product-type-simple"},"aioseo_notices":[],"jetpack_publicize_connections":[],"jetpack_sharing_enabled":true,"jetpack_likes_enabled":true,"_links":{"self":[{"href":"https:\/\/carpetanegra.ferreterialaflorida.xyz\/cn\/wp-json\/wp\/v2\/product\/4490","targetHints":{"allow":["GET"]}}],"collection":[{"href":"https:\/\/carpetanegra.ferreterialaflorida.xyz\/cn\/wp-json\/wp\/v2\/product"}],"about":[{"href":"https:\/\/carpetanegra.ferreterialaflorida.xyz\/cn\/wp-json\/wp\/v2\/types\/product"}],"wp:featuredmedia":[{"embeddable":true,"href":"https:\/\/carpetanegra.ferreterialaflorida.xyz\/cn\/wp-json\/wp\/v2\/media\/39301"}],"wp:attachment":[{"href":"https:\/\/carpetanegra.ferreterialaflorida.xyz\/cn\/wp-json\/wp\/v2\/media?parent=4490"}],"wp:term":[{"taxonomy":"product_brand","embeddable":true,"href":"https:\/\/carpetanegra.ferreterialaflorida.xyz\/cn\/wp-json\/wp\/v2\/product_brand?post=4490"},{"taxonomy":"product_cat","embeddable":true,"href":"https:\/\/carpetanegra.ferreterialaflorida.xyz\/cn\/wp-json\/wp\/v2\/product_cat?post=4490"},{"taxonomy":"product_tag","embeddable":true,"href":"https:\/\/carpetanegra.ferreterialaflorida.xyz\/cn\/wp-json\/wp\/v2\/product_tag?post=4490"}],"curies":[{"name":"wp","href":"https:\/\/api.w.org\/{rel}","templated":true}]}}