{"id":8917,"date":"2020-10-25T22:08:14","date_gmt":"2020-10-26T01:08:14","guid":{"rendered":"http:\/\/carpetanegra.ferreterialaflorida.xyz\/cn\/producto\/cab-abrochadora-engrampadora-2-en-1\/"},"modified":"2026-03-21T10:12:54","modified_gmt":"2026-03-21T13:12:54","slug":"cab-abrochadora-engrampadora-2-en-1","status":"publish","type":"product","link":"https:\/\/carpetanegra.ferreterialaflorida.xyz\/cn\/producto\/cab-abrochadora-engrampadora-2-en-1\/","title":{"rendered":"CAB ABROCHADORA &#8211; ENGRAMPADORA 2 EN 1"},"content":{"rendered":"<p>La Abrochadora Engrampadora Bulit 2 En 1 es la herramienta ideal para una variedad de proyectos, desde encuadernaci\u00f3n y tapicer\u00eda hasta decoraci\u00f3n y hobbies. Este modelo manual, de color rosa p\u00e1lido, est\u00e1 fabricado en acero, lo que garantiza su durabilidad y resistencia. Incluye 200 grapas y tiene una capacidad de cargador de hasta 1000 unidades, permitiendo un uso prolongado sin necesidad de recargas frecuentes. Aunque no incluye clavos, es perfecta para manualidades y trabajos que requieren precisi\u00f3n y eficiencia. Las grapas incluidas son de tama\u00f1o 8,6. La marca Bulit es sin\u00f3nimo de calidad y confiabilidad en herramientas manuales.<\/p>\n","protected":false},"excerpt":{"rendered":"<p>COD33000182<\/p>\n","protected":false},"featured_media":19019,"template":"","meta":{"_surecart_dashboard_logo_width":"180px","_surecart_dashboard_show_logo":true,"_surecart_dashboard_navigation_orders":true,"_surecart_dashboard_navigation_invoices":true,"_surecart_dashboard_navigation_subscriptions":true,"_surecart_dashboard_navigation_downloads":true,"_surecart_dashboard_navigation_billing":true,"_surecart_dashboard_navigation_account":true,"jetpack_publicize_message":"","jetpack_publicize_feature_enabled":true,"jetpack_social_post_already_shared":false,"jetpack_social_options":{"image_generator_settings":{"template":"highway","default_image_id":0,"font":"","enabled":false},"version":2}},"product_brand":[],"product_cat":[249,5869],"product_tag":[],"class_list":{"0":"post-8917","1":"product","2":"type-product","3":"status-publish","4":"has-post-thumbnail","6":"product_cat-bulit","7":"product_cat-rodillos-pinceles-y-bandejas","8":"product_shipping_class-standar","10":"first","11":"instock","12":"taxable","13":"shipping-taxable","14":"purchasable","15":"product-type-simple"},"aioseo_notices":[],"jetpack_publicize_connections":[],"jetpack_sharing_enabled":true,"jetpack_likes_enabled":true,"_links":{"self":[{"href":"https:\/\/carpetanegra.ferreterialaflorida.xyz\/cn\/wp-json\/wp\/v2\/product\/8917","targetHints":{"allow":["GET"]}}],"collection":[{"href":"https:\/\/carpetanegra.ferreterialaflorida.xyz\/cn\/wp-json\/wp\/v2\/product"}],"about":[{"href":"https:\/\/carpetanegra.ferreterialaflorida.xyz\/cn\/wp-json\/wp\/v2\/types\/product"}],"wp:featuredmedia":[{"embeddable":true,"href":"https:\/\/carpetanegra.ferreterialaflorida.xyz\/cn\/wp-json\/wp\/v2\/media\/19019"}],"wp:attachment":[{"href":"https:\/\/carpetanegra.ferreterialaflorida.xyz\/cn\/wp-json\/wp\/v2\/media?parent=8917"}],"wp:term":[{"taxonomy":"product_brand","embeddable":true,"href":"https:\/\/carpetanegra.ferreterialaflorida.xyz\/cn\/wp-json\/wp\/v2\/product_brand?post=8917"},{"taxonomy":"product_cat","embeddable":true,"href":"https:\/\/carpetanegra.ferreterialaflorida.xyz\/cn\/wp-json\/wp\/v2\/product_cat?post=8917"},{"taxonomy":"product_tag","embeddable":true,"href":"https:\/\/carpetanegra.ferreterialaflorida.xyz\/cn\/wp-json\/wp\/v2\/product_tag?post=8917"}],"curies":[{"name":"wp","href":"https:\/\/api.w.org\/{rel}","templated":true}]}}